{"id":9357,"date":"2024-01-01T10:40:57","date_gmt":"2024-01-01T07:40:57","guid":{"rendered":"https:\/\/ugurgelinbuketi.com\/?post_type=product&#038;p=9357"},"modified":"2025-10-05T01:48:15","modified_gmt":"2025-10-04T22:48:15","slug":"beyaz-manolya-asalet-indirimli-gelin-cicegi","status":"publish","type":"product","link":"https:\/\/ugurgelinbuketi.com\/?product=beyaz-manolya-asalet-indirimli-gelin-cicegi","title":{"rendered":"Beyaz Manolya Asalet \u0130ndirimli Gelin \u00c7i\u00e7e\u011fi"},"content":{"rendered":"<div class=\"woocommerce-product-details__short-description\">\n<p>Tamam\u0131 ithal manolya ile yap\u0131lan standart boy gelin \u00e7i\u00e7e\u011fi. Beyaz buketimiz uygun fiyat\u0131 ile yo\u011fun ilgi g\u00f6ren modellerimizdendir.<\/p>\n<p>Paket i\u00e7eri\u011fi 1 adet gelin \u00e7i\u00e7e\u011fi ve 1 adet damat \u00e7i\u00e7e\u011fi i\u00e7indir.<\/p>\n<p>Damat Yaka \u00c7i\u00e7e\u011fi hediyemizdir.<\/p>\n<p>Gelin Tac\u0131 ve nedime bilekli\u011fi iste\u011fe g\u00f6re haz\u0131rlanmaktad\u0131r.<\/p>\n<p>\u00dcr\u00fcn\u00fcn dayan\u0131kl\u0131l\u0131k \u00f6mr\u00fc gerekli ko\u015fullar sa\u011flan\u0131rsa (nemden ve g\u00fcne\u015f \u0131\u015f\u0131\u011f\u0131ndan korunursa) 8-10 y\u0131l civar\u0131d\u0131r.<\/p>\n<p>T\u00fcm \u00fcr\u00fcnlerimiz anla\u015fmal\u0131 kargo firmalar\u0131 arac\u0131l\u0131\u011f\u0131 ile adresinize muhafazal\u0131 ve hassas bir \u015fekilde kutulanarak g\u00f6nderilir.<\/p>\n<p>2 i\u015f g\u00fcn\u00fc i\u00e7inde kargoya verilir.<\/p>\n<\/div>\n<form class=\"cart\" action=\"https:\/\/ugurgelinbuketi.com\/buket\/beyaz-manolya-gelin-buketi\/\" enctype=\"multipart\/form-data\" method=\"post\">\n<div class=\"quantity\"><\/div>\n<\/form>\n","protected":false},"excerpt":{"rendered":"<p>Tamam\u0131 ithal manolya ile yap\u0131lan standart boy gelin \u00e7i\u00e7e\u011fi. Beyaz buketimiz uygun fiyat\u0131 ile yo\u011fun ilgi g\u00f6ren modellerimizdendir.<\/p>\n<p>Paket i\u00e7eri\u011fi 1 adet gelin \u00e7i\u00e7e\u011fi ve 1 adet damat \u00e7i\u00e7e\u011fi i\u00e7indir.<\/p>\n<p>Damat Yaka \u00c7i\u00e7e\u011fi hediyemizdir.<\/p>\n<p>Gelin Tac\u0131 ve nedime bilekli\u011fi iste\u011fe g\u00f6re haz\u0131rlanmaktad\u0131r.<\/p>\n<p>\u00dcr\u00fcn\u00fcn dayan\u0131kl\u0131l\u0131k \u00f6mr\u00fc gerekli ko\u015fullar sa\u011flan\u0131rsa (nemden ve g\u00fcne\u015f \u0131\u015f\u0131\u011f\u0131ndan korunursa) 8-10 y\u0131l civar\u0131d\u0131r.<\/p>\n<p>T\u00fcm \u00fcr\u00fcnlerimiz anla\u015fmal\u0131 kargo firmalar\u0131 arac\u0131l\u0131\u011f\u0131 ile adresinize muhafazal\u0131 ve hassas bir \u015fekilde kutulanarak g\u00f6nderilir.<\/p>\n<p>2 i\u015f g\u00fcn\u00fc i\u00e7inde kargoya verilir.<\/p>\n","protected":false},"featured_media":9359,"comment_status":"open","ping_status":"closed","template":"","meta":{"_joinchat":[]},"product_brand":[],"product_cat":[2349],"product_tag":[1350,184,1777,627,2027,2023,2026,2030,1548,2025,2024,2028,2029],"class_list":{"0":"post-9357","1":"product","2":"type-product","3":"status-publish","4":"has-post-thumbnail","6":"product_cat-beyaz-buketler","7":"product_tag-beyaz-aranjman-beyaz-gelin-buketleri","8":"product_tag-beyaz-gelin-buketi","9":"product_tag-beyaz-gelin-buketi-secenekleri","10":"product_tag-beyaz-gelin-cicegi","11":"product_tag-beyaz-ithal-cicekli-gelin-buketi","12":"product_tag-beyaz-manolya-asalet-indirimli-gelin-cicegi","13":"product_tag-beyaz-manolya-gelin-buketi","14":"product_tag-beyaz-manolya-gelin-cicegi","15":"product_tag-egzotik-manolya-gelin-cicegi","16":"product_tag-manolya-gelin-buketi","17":"product_tag-manolya-gelin-cicegi","18":"product_tag-manolya-gelin-el-buketi","19":"product_tag-manolya-gelin-el-cicegi","21":"first","22":"instock","23":"sale","24":"shipping-taxable","25":"purchasable","26":"product-type-simple"},"jetpack_sharing_enabled":true,"_links":{"self":[{"href":"https:\/\/ugurgelinbuketi.com\/index.php?rest_route=\/wp\/v2\/product\/9357","targetHints":{"allow":["GET"]}}],"collection":[{"href":"https:\/\/ugurgelinbuketi.com\/index.php?rest_route=\/wp\/v2\/product"}],"about":[{"href":"https:\/\/ugurgelinbuketi.com\/index.php?rest_route=\/wp\/v2\/types\/product"}],"replies":[{"embeddable":true,"href":"https:\/\/ugurgelinbuketi.com\/index.php?rest_route=%2Fwp%2Fv2%2Fcomments&post=9357"}],"wp:featuredmedia":[{"embeddable":true,"href":"https:\/\/ugurgelinbuketi.com\/index.php?rest_route=\/wp\/v2\/media\/9359"}],"wp:attachment":[{"href":"https:\/\/ugurgelinbuketi.com\/index.php?rest_route=%2Fwp%2Fv2%2Fmedia&parent=9357"}],"wp:term":[{"taxonomy":"product_brand","embeddable":true,"href":"https:\/\/ugurgelinbuketi.com\/index.php?rest_route=%2Fwp%2Fv2%2Fproduct_brand&post=9357"},{"taxonomy":"product_cat","embeddable":true,"href":"https:\/\/ugurgelinbuketi.com\/index.php?rest_route=%2Fwp%2Fv2%2Fproduct_cat&post=9357"},{"taxonomy":"product_tag","embeddable":true,"href":"https:\/\/ugurgelinbuketi.com\/index.php?rest_route=%2Fwp%2Fv2%2Fproduct_tag&post=9357"}],"curies":[{"name":"wp","href":"https:\/\/api.w.org\/{rel}","templated":true}]}}