{"id":9352,"date":"2023-12-29T16:58:28","date_gmt":"2023-12-29T13:58:28","guid":{"rendered":"https:\/\/ugurgelinbuketi.com\/?post_type=product&#038;p=9352"},"modified":"2025-10-14T16:47:56","modified_gmt":"2025-10-14T13:47:56","slug":"beyaz-zambak-premium-gelin-buketi","status":"publish","type":"product","link":"https:\/\/ugurgelinbuketi.com\/?product=beyaz-zambak-premium-gelin-buketi","title":{"rendered":"Beyaz Zambak Premium Gelin Buketi"},"content":{"rendered":"<p>\u0130thal zambak ve ithal okaliptus yapraklar ile yap\u0131lan \u00f6zel tasar\u0131m b\u00fcy\u00fck boy gelin \u00e7i\u00e7e\u011fi. Bu \u00f6zel tasar\u0131m buketimiz beyaz renk \u00f6n plandad\u0131r. Bu model Damat Yaka \u00c7i\u00e7e\u011fi ile birlikte g\u00f6nderilmektedir.<\/p>\n<p>Paket i\u00e7eri\u011fi 1 adet gelin \u00e7i\u00e7e\u011fi ve 1 adet damat yaka \u00e7i\u00e7e\u011fi.<\/p>\n<p>Damat yaka \u00e7i\u00e7e\u011fi hediyemizdir.<\/p>\n<p>\u0130ste\u011finiz do\u011frultusunda Gelin Tac\u0131, Nedime Bilekli\u011fi ve Sa\u011fd\u0131\u00e7 Yaka \u00c7i\u00e7ekleri haz\u0131rlanmaktad\u0131r..<\/p>\n<p>Tak\u0131m olarak almak i\u00e7in Gelin Tac\u0131n\u0131\u00a0 ayr\u0131ca sepete ekleyiniz.<\/p>\n<p>\u00dcr\u00fcn\u00fcn dayan\u0131kl\u0131l\u0131k \u00f6mr\u00fc gerekli ko\u015fullar sa\u011flan\u0131rsa (nemden ve g\u00fcne\u015f \u0131\u015f\u0131\u011f\u0131ndan korunursa) 8-10 y\u0131l civar\u0131d\u0131r.<\/p>\n<p>T\u00fcm \u00fcr\u00fcnlerimiz anla\u015fmal\u0131 kargo firmalar\u0131 arac\u0131l\u0131\u011f\u0131 ile adresinize muhafazal\u0131 ve hassas bir \u015fekilde kutulanarak g\u00f6nderilir.<\/p>\n<p>2 i\u015f g\u00fcn\u00fc i\u00e7inde kargoya verilir.<\/p>\n","protected":false},"excerpt":{"rendered":"<p>\u0130thal zambak ve ithal okaliptus yapraklar ile yap\u0131lan \u00f6zel tasar\u0131m b\u00fcy\u00fck boy gelin \u00e7i\u00e7e\u011fi. Bu \u00f6zel tasar\u0131m buketimiz beyaz renk \u00f6n plandad\u0131r. Bu model Damat Yaka \u00c7i\u00e7e\u011fi ile birlikte g\u00f6nderilmektedir.<\/p>\n<p>Paket i\u00e7eri\u011fi 1 adet gelin \u00e7i\u00e7e\u011fi ve 1 adet damat yaka \u00e7i\u00e7e\u011fi.<\/p>\n<p>Damat yaka \u00e7i\u00e7e\u011fi hediyemizdir.<\/p>\n<p>\u0130ste\u011finiz do\u011frultusunda Gelin Tac\u0131, Nedime Bilekli\u011fi ve Sa\u011fd\u0131\u00e7 Yaka \u00c7i\u00e7ekleri haz\u0131rlanmaktad\u0131r..<\/p>\n<p>Tak\u0131m olarak almak i\u00e7in Gelin Tac\u0131n\u0131\u00a0 ayr\u0131ca sepete ekleyiniz.<\/p>\n<p>\u00dcr\u00fcn\u00fcn dayan\u0131kl\u0131l\u0131k \u00f6mr\u00fc gerekli ko\u015fullar sa\u011flan\u0131rsa (nemden ve g\u00fcne\u015f \u0131\u015f\u0131\u011f\u0131ndan korunursa) 8-10 y\u0131l civar\u0131d\u0131r.<\/p>\n<p>T\u00fcm \u00fcr\u00fcnlerimiz anla\u015fmal\u0131 kargo firmalar\u0131 arac\u0131l\u0131\u011f\u0131 ile adresinize muhafazal\u0131 ve hassas bir \u015fekilde kutulanarak g\u00f6nderilir.<\/p>\n<p>2 i\u015f g\u00fcn\u00fc i\u00e7inde kargoya verilir.<\/p>\n","protected":false},"featured_media":9354,"comment_status":"open","ping_status":"closed","template":"","meta":{"_joinchat":[]},"product_brand":[],"product_cat":[128],"product_tag":[1341,1345,184,1921,2022,627,1776,883,2021,1813,2020,171,169],"class_list":{"0":"post-9352","1":"product","2":"type-product","3":"status-publish","4":"has-post-thumbnail","6":"product_cat-premium-buketler","7":"product_tag-beyaz-aranjman-beyaz-dogal-gelin-cicegi","8":"product_tag-beyaz-aranjman-beyaz-nisan-buketi","9":"product_tag-beyaz-gelin-buketi","10":"product_tag-beyaz-gelin-buketi-cesitleri","11":"product_tag-beyaz-gelin-buketi-satin-al","12":"product_tag-beyaz-gelin-cicegi","13":"product_tag-beyaz-gelin-cicegi-modelleri","14":"product_tag-beyaz-naturel-gelin-buketi","15":"product_tag-beyaz-tasarim-gelin-el-cicegi","16":"product_tag-beyaz-zambak-gelin-cicegi","17":"product_tag-beyaz-zambak-premium-gelin-buketi","18":"product_tag-gelin-el-buketi","19":"product_tag-gelin-el-cicegi","21":"first","22":"instock","23":"sale","24":"shipping-taxable","25":"purchasable","26":"product-type-simple"},"jetpack_sharing_enabled":true,"_links":{"self":[{"href":"https:\/\/ugurgelinbuketi.com\/index.php?rest_route=\/wp\/v2\/product\/9352","targetHints":{"allow":["GET"]}}],"collection":[{"href":"https:\/\/ugurgelinbuketi.com\/index.php?rest_route=\/wp\/v2\/product"}],"about":[{"href":"https:\/\/ugurgelinbuketi.com\/index.php?rest_route=\/wp\/v2\/types\/product"}],"replies":[{"embeddable":true,"href":"https:\/\/ugurgelinbuketi.com\/index.php?rest_route=%2Fwp%2Fv2%2Fcomments&post=9352"}],"wp:featuredmedia":[{"embeddable":true,"href":"https:\/\/ugurgelinbuketi.com\/index.php?rest_route=\/wp\/v2\/media\/9354"}],"wp:attachment":[{"href":"https:\/\/ugurgelinbuketi.com\/index.php?rest_route=%2Fwp%2Fv2%2Fmedia&parent=9352"}],"wp:term":[{"taxonomy":"product_brand","embeddable":true,"href":"https:\/\/ugurgelinbuketi.com\/index.php?rest_route=%2Fwp%2Fv2%2Fproduct_brand&post=9352"},{"taxonomy":"product_cat","embeddable":true,"href":"https:\/\/ugurgelinbuketi.com\/index.php?rest_route=%2Fwp%2Fv2%2Fproduct_cat&post=9352"},{"taxonomy":"product_tag","embeddable":true,"href":"https:\/\/ugurgelinbuketi.com\/index.php?rest_route=%2Fwp%2Fv2%2Fproduct_tag&post=9352"}],"curies":[{"name":"wp","href":"https:\/\/api.w.org\/{rel}","templated":true}]}}