{"id":9272,"date":"2023-12-21T10:27:19","date_gmt":"2023-12-21T07:27:19","guid":{"rendered":"https:\/\/ugurgelinbuketi.com\/?post_type=product&#038;p=9272"},"modified":"2025-10-14T16:48:10","modified_gmt":"2025-10-14T13:48:10","slug":"unutulmaz-beyaz-premium-gelin-buketi","status":"publish","type":"product","link":"https:\/\/ugurgelinbuketi.com\/?product=unutulmaz-beyaz-premium-gelin-buketi","title":{"rendered":"Unutulmaz Beyaz Premium Gelin Buketi"},"content":{"rendered":"<p>\u0130thal g\u00fcller ve ithal \u00e7ipso ile yap\u0131lan \u00f6zel tasar\u0131m b\u00fcy\u00fck boy gelin \u00e7i\u00e7e\u011fi. Bu \u00f6zel tasar\u0131m buketimiz beyaz renk \u00f6n plandad\u0131r. Bu model Damat Yaka \u00c7i\u00e7e\u011fi ile birlikte g\u00f6nderilmektedir.<\/p>\n<p>Paket i\u00e7eri\u011fi 1 adet gelin \u00e7i\u00e7e\u011fi ve 1 adet damat yaka \u00e7i\u00e7e\u011fi.<\/p>\n<p>Damat yaka \u00e7i\u00e7e\u011fi hediyemizdir.<\/p>\n<p>\u0130ste\u011finiz do\u011frultusunda Gelin Tac\u0131, Nedime Bilekli\u011fi ve Sa\u011fd\u0131\u00e7 Yaka \u00c7i\u00e7ekleri haz\u0131rlanmaktad\u0131r..<\/p>\n<p>Tak\u0131m olarak almak i\u00e7in Gelin Tac\u0131n\u0131\u00a0 ayr\u0131ca sepete ekleyiniz.<\/p>\n<p>\u00dcr\u00fcn\u00fcn dayan\u0131kl\u0131l\u0131k \u00f6mr\u00fc gerekli ko\u015fullar sa\u011flan\u0131rsa (nemden ve g\u00fcne\u015f \u0131\u015f\u0131\u011f\u0131ndan korunursa) 8-10 y\u0131l civar\u0131d\u0131r.<\/p>\n<p>T\u00fcm \u00fcr\u00fcnlerimiz anla\u015fmal\u0131 kargo firmalar\u0131 arac\u0131l\u0131\u011f\u0131 ile adresinize muhafazal\u0131 ve hassas bir \u015fekilde kutulanarak g\u00f6nderilir.<\/p>\n<p>2 i\u015f g\u00fcn\u00fc i\u00e7inde kargoya verilir.<\/p>\n","protected":false},"excerpt":{"rendered":"<p>\u0130thal g\u00fcller ve ithal \u00e7ipso ile yap\u0131lan \u00f6zel tasar\u0131m b\u00fcy\u00fck boy gelin \u00e7i\u00e7e\u011fi. Bu \u00f6zel tasar\u0131m buketimiz beyaz renk \u00f6n plandad\u0131r. Bu model Damat Yaka \u00c7i\u00e7e\u011fi ile birlikte g\u00f6nderilmektedir.<\/p>\n<p>Paket i\u00e7eri\u011fi 1 adet gelin \u00e7i\u00e7e\u011fi ve 1 adet damat yaka \u00e7i\u00e7e\u011fi.<\/p>\n<p>Damat yaka \u00e7i\u00e7e\u011fi hediyemizdir.<\/p>\n<p>\u0130ste\u011finiz do\u011frultusunda Gelin Tac\u0131, Nedime Bilekli\u011fi ve Sa\u011fd\u0131\u00e7 Yaka \u00c7i\u00e7ekleri haz\u0131rlanmaktad\u0131r..<\/p>\n<p>Tak\u0131m olarak almak i\u00e7in Gelin Tac\u0131n\u0131\u00a0 ayr\u0131ca sepete ekleyiniz.<\/p>\n<p>\u00dcr\u00fcn\u00fcn dayan\u0131kl\u0131l\u0131k \u00f6mr\u00fc gerekli ko\u015fullar sa\u011flan\u0131rsa (nemden ve g\u00fcne\u015f \u0131\u015f\u0131\u011f\u0131ndan korunursa) 8-10 y\u0131l civar\u0131d\u0131r.<\/p>\n<p>T\u00fcm \u00fcr\u00fcnlerimiz anla\u015fmal\u0131 kargo firmalar\u0131 arac\u0131l\u0131\u011f\u0131 ile adresinize muhafazal\u0131 ve hassas bir \u015fekilde kutulanarak g\u00f6nderilir.<\/p>\n<p>2 i\u015f g\u00fcn\u00fc i\u00e7inde kargoya verilir.<\/p>\n","protected":false},"featured_media":9273,"comment_status":"open","ping_status":"closed","template":"","meta":{"_joinchat":[]},"product_brand":[],"product_cat":[128],"product_tag":[1339,1341,1350,1349,1352,1351,1342,1340,184,627,1704,1989],"class_list":{"0":"post-9272","1":"product","2":"type-product","3":"status-publish","4":"has-post-thumbnail","6":"product_cat-premium-buketler","7":"product_tag-aranjman","8":"product_tag-beyaz-aranjman-beyaz-dogal-gelin-cicegi","9":"product_tag-beyaz-aranjman-beyaz-gelin-buketleri","10":"product_tag-beyaz-aranjman-beyaz-gelin-cicegi-modelleri","11":"product_tag-beyaz-aranjman-beyaz-kisiye-ozel-gelin-buketi","12":"product_tag-beyaz-aranjman-beyaz-kisiye-ozel-gelin-cicegi","13":"product_tag-beyaz-aranjman-dogal-gelin-buketi","14":"product_tag-beyaz-aranjman-gelin-cicegi","15":"product_tag-beyaz-gelin-buketi","16":"product_tag-beyaz-gelin-cicegi","17":"product_tag-beyaz-gul-gelin-cicegi","18":"product_tag-unutulmaz-beyaz-gelin-buketi","20":"first","21":"instock","22":"sale","23":"shipping-taxable","24":"purchasable","25":"product-type-simple"},"jetpack_sharing_enabled":true,"_links":{"self":[{"href":"https:\/\/ugurgelinbuketi.com\/index.php?rest_route=\/wp\/v2\/product\/9272","targetHints":{"allow":["GET"]}}],"collection":[{"href":"https:\/\/ugurgelinbuketi.com\/index.php?rest_route=\/wp\/v2\/product"}],"about":[{"href":"https:\/\/ugurgelinbuketi.com\/index.php?rest_route=\/wp\/v2\/types\/product"}],"replies":[{"embeddable":true,"href":"https:\/\/ugurgelinbuketi.com\/index.php?rest_route=%2Fwp%2Fv2%2Fcomments&post=9272"}],"wp:featuredmedia":[{"embeddable":true,"href":"https:\/\/ugurgelinbuketi.com\/index.php?rest_route=\/wp\/v2\/media\/9273"}],"wp:attachment":[{"href":"https:\/\/ugurgelinbuketi.com\/index.php?rest_route=%2Fwp%2Fv2%2Fmedia&parent=9272"}],"wp:term":[{"taxonomy":"product_brand","embeddable":true,"href":"https:\/\/ugurgelinbuketi.com\/index.php?rest_route=%2Fwp%2Fv2%2Fproduct_brand&post=9272"},{"taxonomy":"product_cat","embeddable":true,"href":"https:\/\/ugurgelinbuketi.com\/index.php?rest_route=%2Fwp%2Fv2%2Fproduct_cat&post=9272"},{"taxonomy":"product_tag","embeddable":true,"href":"https:\/\/ugurgelinbuketi.com\/index.php?rest_route=%2Fwp%2Fv2%2Fproduct_tag&post=9272"}],"curies":[{"name":"wp","href":"https:\/\/api.w.org\/{rel}","templated":true}]}}