{"id":9038,"date":"2023-11-17T16:42:35","date_gmt":"2023-11-17T13:42:35","guid":{"rendered":"https:\/\/ugurgelinbuketi.com\/?post_type=product&#038;p=9038"},"modified":"2025-10-14T16:23:06","modified_gmt":"2025-10-14T13:23:06","slug":"gri-mavi-gelin-cicegi","status":"publish","type":"product","link":"https:\/\/ugurgelinbuketi.com\/?product=gri-mavi-gelin-cicegi","title":{"rendered":"Mavi \u0130lham F\u0131rsat Gelin \u00c7i\u00e7e\u011fi"},"content":{"rendered":"","protected":false},"excerpt":{"rendered":"<p>El yap\u0131m\u0131 kuma\u015f kas\u0131mpat\u0131, ithal ortanca, el yap\u0131m\u0131 kuma\u015f, \u0130thal yaprak ile yap\u0131lan orta boy gelin \u00e7i\u00e7e\u011fi. Mavi Beyaz renkler temel olarak esas al\u0131nm\u0131\u015ft\u0131r.<\/p>\n<p>Paket i\u00e7eri\u011fi 1 adet gelin \u00e7i\u00e7e\u011fidir.<\/p>\n<p>Damat yaka \u00e7i\u00e7e\u011fi dahil de\u011fildir.<\/p>\n<p>Damat yaka \u00e7i\u00e7e\u011fini sat\u0131n almak isterseniz aksesuar b\u00f6l\u00fcm\u00fcnden sepete ekleyebilirsiniz.<\/p>\n<p>Gelin Tac\u0131 ve nedime bilekli\u011fi fiyata dahil de\u011fildir.<\/p>\n<p>Gelin Tac\u0131 ve nedime bilekli\u011fi iste\u011fe g\u00f6re haz\u0131rlanmaktad\u0131r.<\/p>\n<p>\u00dcr\u00fcn\u00fcn dayan\u0131kl\u0131l\u0131k \u00f6mr\u00fc gerekli ko\u015fullar sa\u011flan\u0131rsa (nemden ve g\u00fcne\u015f \u0131\u015f\u0131\u011f\u0131ndan korunursa) 8-10 y\u0131l civar\u0131d\u0131r.<\/p>\n<p>T\u00fcm \u00fcr\u00fcnlerimiz anla\u015fmal\u0131 kargo firmalar\u0131 arac\u0131l\u0131\u011f\u0131 ile adresinize muhafazal\u0131 ve hassas bir \u015fekilde kutulanarak g\u00f6nderilir.<\/p>\n<p>2 i\u015f g\u00fcn\u00fc i\u00e7inde kargoya verilir.<\/p>\n","protected":false},"featured_media":9039,"comment_status":"open","ping_status":"closed","template":"","meta":{"_joinchat":[]},"product_brand":[],"product_cat":[126,2350],"product_tag":[1799,211,1801,1800,1802],"class_list":{"0":"post-9038","1":"product","2":"type-product","3":"status-publish","4":"has-post-thumbnail","6":"product_cat-avantajli-buket","7":"product_cat-renkli-buketler","8":"product_tag-gri-beyaz-gelin-buketi","9":"product_tag-gri-beyaz-gelin-buketleri","10":"product_tag-gri-beyaz-gelin-cicegi","11":"product_tag-mavi-gelin-cicegi","12":"product_tag-uygun-fiyatli-buketler","14":"first","15":"instock","16":"sale","17":"shipping-taxable","18":"purchasable","19":"product-type-simple"},"jetpack_sharing_enabled":true,"_links":{"self":[{"href":"https:\/\/ugurgelinbuketi.com\/index.php?rest_route=\/wp\/v2\/product\/9038","targetHints":{"allow":["GET"]}}],"collection":[{"href":"https:\/\/ugurgelinbuketi.com\/index.php?rest_route=\/wp\/v2\/product"}],"about":[{"href":"https:\/\/ugurgelinbuketi.com\/index.php?rest_route=\/wp\/v2\/types\/product"}],"replies":[{"embeddable":true,"href":"https:\/\/ugurgelinbuketi.com\/index.php?rest_route=%2Fwp%2Fv2%2Fcomments&post=9038"}],"wp:featuredmedia":[{"embeddable":true,"href":"https:\/\/ugurgelinbuketi.com\/index.php?rest_route=\/wp\/v2\/media\/9039"}],"wp:attachment":[{"href":"https:\/\/ugurgelinbuketi.com\/index.php?rest_route=%2Fwp%2Fv2%2Fmedia&parent=9038"}],"wp:term":[{"taxonomy":"product_brand","embeddable":true,"href":"https:\/\/ugurgelinbuketi.com\/index.php?rest_route=%2Fwp%2Fv2%2Fproduct_brand&post=9038"},{"taxonomy":"product_cat","embeddable":true,"href":"https:\/\/ugurgelinbuketi.com\/index.php?rest_route=%2Fwp%2Fv2%2Fproduct_cat&post=9038"},{"taxonomy":"product_tag","embeddable":true,"href":"https:\/\/ugurgelinbuketi.com\/index.php?rest_route=%2Fwp%2Fv2%2Fproduct_tag&post=9038"}],"curies":[{"name":"wp","href":"https:\/\/api.w.org\/{rel}","templated":true}]}}