{"id":8482,"date":"2022-11-03T21:52:09","date_gmt":"2022-11-03T18:52:09","guid":{"rendered":"https:\/\/ugurgelinbuketi.com\/?post_type=product&#038;p=8482"},"modified":"2025-10-14T16:48:29","modified_gmt":"2025-10-14T13:48:29","slug":"tasarim-leydi-gelin-cicegi","status":"publish","type":"product","link":"https:\/\/ugurgelinbuketi.com\/?product=tasarim-leydi-gelin-cicegi","title":{"rendered":"Tasar\u0131m Leydi Premium Gelin \u00c7i\u00e7e\u011fi"},"content":{"rendered":"<p>Do\u011fal g\u00f6r\u00fcn\u00fcml\u00fc, ithal orkide, ithal kas\u0131mpat\u0131, ithal egzotik yapraklar ve ile yap\u0131lan \u00f6zel tasar\u0131m leydi gelin \u00e7i\u00e7e\u011fi. U\u011fur Gelin Buketi at\u00f6lyesinin \u00f6zel floristleri tarafindan yap\u0131lan buketlerimiz i\u00e7in d\u00fc\u011f\u00fcn tarihinden en az 1 hafta \u00f6nce sipari\u015f verilmesi gerekmektedir.<\/p>\n","protected":false},"excerpt":{"rendered":"<p>S\u0131rad\u0131\u015f\u0131 olmay\u0131 tercih eden gelinlerimiz i\u00e7in tasarlad\u0131\u011f\u0131m\u0131z leydi modelimiz, ithal orkideler, ithal g\u00fcller, ithal egzotik yapraklar, \u0131\u015f\u0131lt\u0131 veren ithal boncuklar ile yap\u0131lm\u0131\u015ft\u0131r. Leydi yukar\u0131dan a\u015fa\u011f\u0131ya do\u011fru iki y\u00f6nl\u00fc toplanm\u0131\u015ft\u0131r.\u00a0 Tutma yeri beyaz saten kurdele ile sar\u0131lm\u0131\u015ft\u0131r.<\/p>\n<p>Paket i\u00e7eri\u011fi 1 adet gelin \u00e7i\u00e7e\u011fi ve 1 adet damat yaka \u00e7i\u00e7e\u011fi.<\/p>\n<p>Damat yaka \u00e7i\u00e7e\u011fi hediyemizdir.<\/p>\n<p>\u0130ste\u011finiz do\u011frultusunda Gelin Tac\u0131, Nedime Bilekli\u011fi, Damat Cep \u00c7i\u00e7e\u011fi ve Sa\u011fd\u0131\u00e7 Yaka \u00c7i\u00e7ekleri haz\u0131rlanmaktad\u0131r.<\/p>\n<p>\u00dcr\u00fcn\u00fcn dayan\u0131kl\u0131l\u0131k \u00f6mr\u00fc gerekli ko\u015fullar sa\u011flan\u0131rsa (nemden ve g\u00fcne\u015f \u0131\u015f\u0131\u011f\u0131ndan korunursa) 8-10 y\u0131l civar\u0131d\u0131r.<\/p>\n<p>T\u00fcm \u00fcr\u00fcnlerimiz anla\u015fmal\u0131 kargo firmalar\u0131 arac\u0131l\u0131\u011f\u0131 ile adresinize muhafazal\u0131 ve hassas bir \u015fekilde kutulanarak g\u00f6nderilir.<\/p>\n<p>&nbsp;<\/p>\n","protected":false},"featured_media":8777,"comment_status":"open","ping_status":"closed","template":"","meta":{"_joinchat":[]},"product_brand":[],"product_cat":[128],"product_tag":[184,161,160,1639,1644,1648,1647,1650,1649,1646,1643,1642,1652,1651,1640,1645,1638,1641],"class_list":{"0":"post-8482","1":"product","2":"type-product","3":"status-publish","4":"has-post-thumbnail","6":"product_cat-premium-buketler","7":"product_tag-beyaz-gelin-buketi","8":"product_tag-gelin-buketi-modelleri","9":"product_tag-gelin-cicekleri","10":"product_tag-leydi-beyaz-dogal-gelin-cicegi","11":"product_tag-leydi-beyaz-el-buketi","12":"product_tag-leydi-beyaz-gelin-buketleri","13":"product_tag-leydi-beyaz-gelin-cicegi-modelleri","14":"product_tag-leydi-beyaz-kisiye-ozel-gelin-buketi","15":"product_tag-leydi-beyaz-kisiye-ozel-gelin-cicegi","16":"product_tag-leydi-beyaz-nedime-cicegi","17":"product_tag-leydi-beyaz-nisan-buketi","18":"product_tag-leydi-beyaz-nisan-cicegi","19":"product_tag-leydi-beyaz-tasarim-gelin-buketi","20":"product_tag-leydi-beyaz-tasarim-gelin-cicegi","21":"product_tag-leydi-dogal-gelin-buketi","22":"product_tag-leydi-el-cicegi","23":"product_tag-leydi-gelin-cicegi","24":"product_tag-leydi-naturel-gelin-buketi","26":"first","27":"instock","28":"sale","29":"shipping-taxable","30":"purchasable","31":"product-type-simple"},"jetpack_sharing_enabled":true,"_links":{"self":[{"href":"https:\/\/ugurgelinbuketi.com\/index.php?rest_route=\/wp\/v2\/product\/8482","targetHints":{"allow":["GET"]}}],"collection":[{"href":"https:\/\/ugurgelinbuketi.com\/index.php?rest_route=\/wp\/v2\/product"}],"about":[{"href":"https:\/\/ugurgelinbuketi.com\/index.php?rest_route=\/wp\/v2\/types\/product"}],"replies":[{"embeddable":true,"href":"https:\/\/ugurgelinbuketi.com\/index.php?rest_route=%2Fwp%2Fv2%2Fcomments&post=8482"}],"wp:featuredmedia":[{"embeddable":true,"href":"https:\/\/ugurgelinbuketi.com\/index.php?rest_route=\/wp\/v2\/media\/8777"}],"wp:attachment":[{"href":"https:\/\/ugurgelinbuketi.com\/index.php?rest_route=%2Fwp%2Fv2%2Fmedia&parent=8482"}],"wp:term":[{"taxonomy":"product_brand","embeddable":true,"href":"https:\/\/ugurgelinbuketi.com\/index.php?rest_route=%2Fwp%2Fv2%2Fproduct_brand&post=8482"},{"taxonomy":"product_cat","embeddable":true,"href":"https:\/\/ugurgelinbuketi.com\/index.php?rest_route=%2Fwp%2Fv2%2Fproduct_cat&post=8482"},{"taxonomy":"product_tag","embeddable":true,"href":"https:\/\/ugurgelinbuketi.com\/index.php?rest_route=%2Fwp%2Fv2%2Fproduct_tag&post=8482"}],"curies":[{"name":"wp","href":"https:\/\/api.w.org\/{rel}","templated":true}]}}