{"id":8428,"date":"2022-11-03T21:21:39","date_gmt":"2022-11-03T18:21:39","guid":{"rendered":"https:\/\/ugurgelinbuketi.com\/?post_type=product&#038;p=8428"},"modified":"2025-10-14T16:48:47","modified_gmt":"2025-10-14T13:48:47","slug":"egzotik-manolya-buketi","status":"publish","type":"product","link":"https:\/\/ugurgelinbuketi.com\/?product=egzotik-manolya-buketi","title":{"rendered":"Beyaz Tabiat F\u0131rsat Gelin \u00c7i\u00e7e\u011fi"},"content":{"rendered":"<p>U\u011fur Gelin Buketi at\u00f6lyesinin \u00f6zel floristleri tarafindan yap\u0131lan buketlerimiz i\u00e7in d\u00fc\u011f\u00fcn tarihinden en az 1 hafta \u00f6nce sipari\u015f verilmesi gerekmektedir.<\/p>\n","protected":false},"excerpt":{"rendered":"<p>Beyaz\u0131n hakim oldu\u011fu ithal ortanca, el yap\u0131m\u0131 g\u00fcller, egzotik bitkiler ve lagarus ile orta boy gelin buketi.<\/p>\n<p>Paket i\u00e7eri\u011fi 1 adet gelin \u00e7i\u00e7e\u011fidir.<\/p>\n<p>Damat yaka \u00e7i\u00e7e\u011fi dahil de\u011fildir.<\/p>\n<p>Damat yaka \u00e7i\u00e7e\u011fini sat\u0131n almak isterseniz aksesuar b\u00f6l\u00fcm\u00fcnden sepete ekleyebilirsiniz.<\/p>\n<p>Gelin Tac\u0131 ve nedime bilekli\u011fi fiyata dahil de\u011fildir.<\/p>\n<p>Gelin Tac\u0131 ve nedime bilekli\u011fi iste\u011fe g\u00f6re haz\u0131rlanmaktad\u0131r.<\/p>\n<p>\u00dcr\u00fcn\u00fcn dayan\u0131kl\u0131l\u0131k \u00f6mr\u00fc gerekli ko\u015fullar sa\u011flan\u0131rsa (nemden ve g\u00fcne\u015f \u0131\u015f\u0131\u011f\u0131ndan korunursa) 8-10 y\u0131l civar\u0131d\u0131r.<\/p>\n<p>T\u00fcm \u00fcr\u00fcnlerimiz anla\u015fmal\u0131 kargo firmalar\u0131 arac\u0131l\u0131\u011f\u0131 ile adresinize muhafazal\u0131 ve hassas bir \u015fekilde kutulanarak g\u00f6nderilir.<\/p>\n<p>2 i\u015f g\u00fcn\u00fc i\u00e7inde kargoya verilir.<\/p>\n","protected":false},"featured_media":8958,"comment_status":"open","ping_status":"closed","template":"","meta":{"_joinchat":[]},"product_brand":[],"product_cat":[126],"product_tag":[184,1777,1776,1769,161,160,1775,1771,1767,1770],"class_list":{"0":"post-8428","1":"product","2":"type-product","3":"status-publish","4":"has-post-thumbnail","6":"product_cat-avantajli-buket","7":"product_tag-beyaz-gelin-buketi","8":"product_tag-beyaz-gelin-buketi-secenekleri","9":"product_tag-beyaz-gelin-cicegi-modelleri","10":"product_tag-beyaz-yesil-gelin-buketi","11":"product_tag-gelin-buketi-modelleri","12":"product_tag-gelin-cicekleri","13":"product_tag-kucuk-boy-gelin-buketi","14":"product_tag-ucuz-gelin-cicegi","15":"product_tag-uygun-fiyatli-gelin-buketi","16":"product_tag-uygun-gelin-buketi","18":"first","19":"instock","20":"sale","21":"shipping-taxable","22":"purchasable","23":"product-type-simple"},"jetpack_sharing_enabled":true,"_links":{"self":[{"href":"https:\/\/ugurgelinbuketi.com\/index.php?rest_route=\/wp\/v2\/product\/8428","targetHints":{"allow":["GET"]}}],"collection":[{"href":"https:\/\/ugurgelinbuketi.com\/index.php?rest_route=\/wp\/v2\/product"}],"about":[{"href":"https:\/\/ugurgelinbuketi.com\/index.php?rest_route=\/wp\/v2\/types\/product"}],"replies":[{"embeddable":true,"href":"https:\/\/ugurgelinbuketi.com\/index.php?rest_route=%2Fwp%2Fv2%2Fcomments&post=8428"}],"wp:featuredmedia":[{"embeddable":true,"href":"https:\/\/ugurgelinbuketi.com\/index.php?rest_route=\/wp\/v2\/media\/8958"}],"wp:attachment":[{"href":"https:\/\/ugurgelinbuketi.com\/index.php?rest_route=%2Fwp%2Fv2%2Fmedia&parent=8428"}],"wp:term":[{"taxonomy":"product_brand","embeddable":true,"href":"https:\/\/ugurgelinbuketi.com\/index.php?rest_route=%2Fwp%2Fv2%2Fproduct_brand&post=8428"},{"taxonomy":"product_cat","embeddable":true,"href":"https:\/\/ugurgelinbuketi.com\/index.php?rest_route=%2Fwp%2Fv2%2Fproduct_cat&post=8428"},{"taxonomy":"product_tag","embeddable":true,"href":"https:\/\/ugurgelinbuketi.com\/index.php?rest_route=%2Fwp%2Fv2%2Fproduct_tag&post=8428"}],"curies":[{"name":"wp","href":"https:\/\/api.w.org\/{rel}","templated":true}]}}