{"id":8382,"date":"2022-11-02T22:33:20","date_gmt":"2022-11-02T19:33:20","guid":{"rendered":"https:\/\/ugurgelinbuketi.com\/?post_type=product&#038;p=8382"},"modified":"2025-10-14T16:49:07","modified_gmt":"2025-10-14T13:49:07","slug":"manolyali-ilk-bahar-gelin-cicegi","status":"publish","type":"product","link":"https:\/\/ugurgelinbuketi.com\/?product=manolyali-ilk-bahar-gelin-cicegi","title":{"rendered":"Manolyal\u0131 Beyaz Gelin Buketi"},"content":{"rendered":"<p>Do\u011fal g\u00f6r\u00fcn\u00fcml\u00fc manolyalar, g\u00fcller, lavantalar, ithal \u00e7i\u00e7ekler ve ithal egzotik yapraklar ile yap\u0131lan \u00f6zel tasar\u0131m b\u00fcy\u00fck boy gelin \u00e7i\u00e7e\u011fi. U\u011fur Gelin Buketi at\u00f6lyesinin kad\u0131n emek\u00e7ileri taraf\u0131ndan yap\u0131lan buketimizi sizler i\u00e7in tasarlad\u0131k. Damat yaka \u00e7i\u00e7e\u011fi hediyemizdir. 2 i\u015f g\u00fcn\u00fc i\u00e7inde kargoya verilir. Gerekli ko\u015fullar sa\u011fland\u0131\u011f\u0131nda ( g\u00fcne\u015f \u0131\u015f\u0131\u011f\u0131 ve nemden korumak) \u00fcr\u00fcn\u00fcn dayanma s\u00fcresi 8-10 y\u0131l civar\u0131ndad\u0131r. D\u00fc\u011f\u00fcn\u00fcn\u00fczden sonra vazonuzda dekor olarak kullanabilirsiniz&#8230;<\/p>\n","protected":false},"excerpt":{"rendered":"<p>\u0130thal manolyalar, ithal g\u00fcller, kartopu \u00e7i\u00e7ekleri, ithal \u015fakay\u0131k g\u00fcller,\u00a0 ithal egzotik yapraklar ile yap\u0131lan \u00f6zel tasar\u0131m b\u00fcy\u00fck boy gelin \u00e7i\u00e7e\u011fi. Buket yukar\u0131dan a\u015fa\u011f\u0131ya do\u011fru oval \u015fekilde toplanm\u0131\u015ft\u0131r.<\/p>\n<p>Paket i\u00e7eri\u011fi 1 adet gelin \u00e7i\u00e7e\u011fi ve 1 adet damat yaka \u00e7i\u00e7e\u011fi.<\/p>\n<p>Damat yaka \u00e7i\u00e7e\u011fi hediyemizdir.<\/p>\n<p>\u0130ste\u011finiz do\u011frultusunda Gelin Tac\u0131, Nedime Bilekli\u011fi, Damat Cep \u00c7i\u00e7e\u011fi ve Sa\u011fd\u0131\u00e7 Yaka \u00c7i\u00e7ekleri haz\u0131rlanmaktad\u0131r.<\/p>\n<p>\u00dcr\u00fcn\u00fcn dayan\u0131kl\u0131l\u0131k \u00f6mr\u00fc gerekli ko\u015fullar sa\u011flan\u0131rsa (nemden ve g\u00fcne\u015f \u0131\u015f\u0131\u011f\u0131ndan korunursa) 8-10 y\u0131l civar\u0131d\u0131r.<\/p>\n<p>T\u00fcm \u00fcr\u00fcnlerimiz anla\u015fmal\u0131 kargo firmalar\u0131 arac\u0131l\u0131\u011f\u0131 ile adresinize muhafazal\u0131 ve hassas bir \u015fekilde kutulanarak g\u00f6nderilir.<\/p>\n<p>2 i\u015f g\u00fcn\u00fc i\u00e7inde kargoya verilir.<\/p>\n","protected":false},"featured_media":8761,"comment_status":"open","ping_status":"closed","template":"","meta":{"_joinchat":[]},"product_brand":[],"product_cat":[128],"product_tag":[184,161,160,1459,1464,1468,1467,1470,1469,1466,1463,1462,1472,1471,1460,1465,1458,1461],"class_list":{"0":"post-8382","1":"product","2":"type-product","3":"status-publish","4":"has-post-thumbnail","6":"product_cat-premium-buketler","7":"product_tag-beyaz-gelin-buketi","8":"product_tag-gelin-buketi-modelleri","9":"product_tag-gelin-cicekleri","10":"product_tag-manolyali-beyaz-dogal-gelin-cicegi","11":"product_tag-manolyali-beyaz-el-buketi","12":"product_tag-manolyali-beyaz-gelin-buketleri","13":"product_tag-manolyali-beyaz-gelin-cicegi-modelleri","14":"product_tag-manolyali-beyaz-kisiye-ozel-gelin-buketi","15":"product_tag-manolyali-beyaz-kisiye-ozel-gelin-cicegi","16":"product_tag-manolyali-beyaz-nedime-cicegi","17":"product_tag-manolyali-beyaz-nisan-buketi","18":"product_tag-manolyali-beyaz-nisan-cicegi","19":"product_tag-manolyali-beyaz-tasarim-gelin-buketi","20":"product_tag-manolyali-beyaz-tasarim-gelin-cicegi","21":"product_tag-manolyali-dogal-gelin-buketi","22":"product_tag-manolyali-el-cicegi","23":"product_tag-manolyali-gelin-cicegi","24":"product_tag-manolyali-naturel-gelin-buketi","26":"first","27":"instock","28":"sale","29":"shipping-taxable","30":"purchasable","31":"product-type-simple"},"jetpack_sharing_enabled":true,"_links":{"self":[{"href":"https:\/\/ugurgelinbuketi.com\/index.php?rest_route=\/wp\/v2\/product\/8382","targetHints":{"allow":["GET"]}}],"collection":[{"href":"https:\/\/ugurgelinbuketi.com\/index.php?rest_route=\/wp\/v2\/product"}],"about":[{"href":"https:\/\/ugurgelinbuketi.com\/index.php?rest_route=\/wp\/v2\/types\/product"}],"replies":[{"embeddable":true,"href":"https:\/\/ugurgelinbuketi.com\/index.php?rest_route=%2Fwp%2Fv2%2Fcomments&post=8382"}],"wp:featuredmedia":[{"embeddable":true,"href":"https:\/\/ugurgelinbuketi.com\/index.php?rest_route=\/wp\/v2\/media\/8761"}],"wp:attachment":[{"href":"https:\/\/ugurgelinbuketi.com\/index.php?rest_route=%2Fwp%2Fv2%2Fmedia&parent=8382"}],"wp:term":[{"taxonomy":"product_brand","embeddable":true,"href":"https:\/\/ugurgelinbuketi.com\/index.php?rest_route=%2Fwp%2Fv2%2Fproduct_brand&post=8382"},{"taxonomy":"product_cat","embeddable":true,"href":"https:\/\/ugurgelinbuketi.com\/index.php?rest_route=%2Fwp%2Fv2%2Fproduct_cat&post=8382"},{"taxonomy":"product_tag","embeddable":true,"href":"https:\/\/ugurgelinbuketi.com\/index.php?rest_route=%2Fwp%2Fv2%2Fproduct_tag&post=8382"}],"curies":[{"name":"wp","href":"https:\/\/api.w.org\/{rel}","templated":true}]}}