{"id":8128,"date":"2022-09-13T22:07:23","date_gmt":"2022-09-13T19:07:23","guid":{"rendered":"https:\/\/ugurgelinbuketi.com\/?post_type=product&#038;p=8128"},"modified":"2025-10-14T16:25:47","modified_gmt":"2025-10-14T13:25:47","slug":"krem-lavanta-ozel-tasarim","status":"publish","type":"product","link":"https:\/\/ugurgelinbuketi.com\/?product=krem-lavanta-ozel-tasarim","title":{"rendered":"Lavanta Lale Premium Gelin Buketi"},"content":{"rendered":"<p>Sade ve Do\u011fal g\u00f6r\u00fcn\u00fcml\u00fc, Ger\u00e7ek Kurutulmu\u015f Lavanta, 21 adet \u0131slak lale ve Cipso Yapraklar\u0131 ile yap\u0131lan \u00f6zel tasar\u0131m gelin \u00e7i\u00e7e\u011fi. Bu \u00f6zel tasar\u0131m buketimiz Lavantadan gelen mor ve beyaz renkleri \u00f6n plandad\u0131r.<\/p>\n<p>Paket i\u00e7eri\u011fi 1 adet gelin \u00e7i\u00e7e\u011fi ve 1 adet damat yaka \u00e7i\u00e7e\u011fi.<\/p>\n<p>Damat yaka \u00e7i\u00e7e\u011fi hediyemizdir.<\/p>\n<p>\u0130ste\u011finiz do\u011frultusunda Gelin Tac\u0131, Nedime Bilekli\u011fi, Damat Cep \u00c7i\u00e7e\u011fi ve Sa\u011fd\u0131\u00e7 Yaka \u00c7i\u00e7ekleri haz\u0131rlanmaktad\u0131r.<\/p>\n<p>\u00dcr\u00fcn\u00fcn dayan\u0131kl\u0131l\u0131k \u00f6mr\u00fc gerekli ko\u015fullar sa\u011flan\u0131rsa (nemden ve g\u00fcne\u015f \u0131\u015f\u0131\u011f\u0131ndan korunursa) 8-10 y\u0131l civar\u0131d\u0131r.<\/p>\n<p>T\u00fcm \u00fcr\u00fcnlerimiz anla\u015fmal\u0131 kargo firmalar\u0131 arac\u0131l\u0131\u011f\u0131 ile adresinize muhafazal\u0131 ve hassas bir \u015fekilde kutulanarak g\u00f6nderilir.<\/p>\n<p>2 i\u015f g\u00fcn\u00fc i\u00e7inde kargoya verilir.<\/p>\n","protected":false},"excerpt":{"rendered":"<p>Sade ve Do\u011fal g\u00f6r\u00fcn\u00fcml\u00fc, Ger\u00e7ek Kurutulmu\u015f Lavanta, 21 adet \u0131slak lale ve Cipso Yapraklar\u0131 ile yap\u0131lan \u00f6zel tasar\u0131m gelin \u00e7i\u00e7e\u011fi. Bu \u00f6zel tasar\u0131m buketimiz Lavantadan gelen mor ve beyaz renkleri \u00f6n plandad\u0131r.<\/p>\n<p>Paket i\u00e7eri\u011fi 1 adet gelin \u00e7i\u00e7e\u011fi ve 1 adet damat yaka \u00e7i\u00e7e\u011fi.<\/p>\n<p>Damat yaka \u00e7i\u00e7e\u011fi hediyemizdir.<\/p>\n<p>\u0130ste\u011finiz do\u011frultusunda Gelin Tac\u0131, Nedime Bilekli\u011fi, Damat Cep \u00c7i\u00e7e\u011fi ve Sa\u011fd\u0131\u00e7 Yaka \u00c7i\u00e7ekleri haz\u0131rlanmaktad\u0131r.<\/p>\n<p>\u00dcr\u00fcn\u00fcn dayan\u0131kl\u0131l\u0131k \u00f6mr\u00fc gerekli ko\u015fullar sa\u011flan\u0131rsa (nemden ve g\u00fcne\u015f \u0131\u015f\u0131\u011f\u0131ndan korunursa) 8-10 y\u0131l civar\u0131d\u0131r.<\/p>\n<p>T\u00fcm \u00fcr\u00fcnlerimiz anla\u015fmal\u0131 kargo firmalar\u0131 arac\u0131l\u0131\u011f\u0131 ile adresinize muhafazal\u0131 ve hassas bir \u015fekilde kutulanarak g\u00f6nderilir.<\/p>\n<p>2 i\u015f g\u00fcn\u00fc i\u00e7inde kargoya verilir.<\/p>\n","protected":false},"featured_media":8644,"comment_status":"open","ping_status":"closed","template":"","meta":{"_joinchat":[]},"product_brand":[],"product_cat":[128,2350],"product_tag":[1187,1181,1194,1190,1191,1192,1193,1182,1184,1183,1180,1189,1188,1186,1185,1692,1691,1690,1693],"class_list":{"0":"post-8128","1":"product","2":"type-product","3":"status-publish","4":"has-post-thumbnail","6":"product_cat-premium-buketler","7":"product_cat-renkli-buketler","8":"product_tag-krem-lavanta-buket-fiyatlari","9":"product_tag-krem-lavanta-dogal-gelin-buketi","10":"product_tag-krem-lavanta-dogal-gelin-cicegi","11":"product_tag-krem-lavanta-el-buketi","12":"product_tag-krem-lavanta-el-cicegi","13":"product_tag-krem-lavanta-gelin-cicegi","14":"product_tag-krem-lavanta-gelin-cicegi-fiyatlari","15":"product_tag-krem-lavanta-gelin-el-cicegi","16":"product_tag-krem-lavanta-kaliteli-gelin-cicegi","17":"product_tag-krem-lavanta-naturel-gelin-buketi","18":"product_tag-krem-lavanta-nedime-cicegi","19":"product_tag-krem-lavanta-nisan-buketi","20":"product_tag-krem-lavanta-nisan-cicegi","21":"product_tag-krem-lavanta-toptan-cicek","22":"product_tag-krem-lavanta-toptan-gelin-cicegi","23":"product_tag-lale-gelin-cicegi","24":"product_tag-lavanta-gelin-buketi","25":"product_tag-lavanta-lale-gelin-buketi","26":"product_tag-lavanta-lale-gelin-cicegi","28":"first","29":"instock","30":"sale","31":"shipping-taxable","32":"purchasable","33":"product-type-simple"},"jetpack_sharing_enabled":true,"_links":{"self":[{"href":"https:\/\/ugurgelinbuketi.com\/index.php?rest_route=\/wp\/v2\/product\/8128","targetHints":{"allow":["GET"]}}],"collection":[{"href":"https:\/\/ugurgelinbuketi.com\/index.php?rest_route=\/wp\/v2\/product"}],"about":[{"href":"https:\/\/ugurgelinbuketi.com\/index.php?rest_route=\/wp\/v2\/types\/product"}],"replies":[{"embeddable":true,"href":"https:\/\/ugurgelinbuketi.com\/index.php?rest_route=%2Fwp%2Fv2%2Fcomments&post=8128"}],"wp:featuredmedia":[{"embeddable":true,"href":"https:\/\/ugurgelinbuketi.com\/index.php?rest_route=\/wp\/v2\/media\/8644"}],"wp:attachment":[{"href":"https:\/\/ugurgelinbuketi.com\/index.php?rest_route=%2Fwp%2Fv2%2Fmedia&parent=8128"}],"wp:term":[{"taxonomy":"product_brand","embeddable":true,"href":"https:\/\/ugurgelinbuketi.com\/index.php?rest_route=%2Fwp%2Fv2%2Fproduct_brand&post=8128"},{"taxonomy":"product_cat","embeddable":true,"href":"https:\/\/ugurgelinbuketi.com\/index.php?rest_route=%2Fwp%2Fv2%2Fproduct_cat&post=8128"},{"taxonomy":"product_tag","embeddable":true,"href":"https:\/\/ugurgelinbuketi.com\/index.php?rest_route=%2Fwp%2Fv2%2Fproduct_tag&post=8128"}],"curies":[{"name":"wp","href":"https:\/\/api.w.org\/{rel}","templated":true}]}}