{"id":12190,"date":"2025-09-12T10:00:32","date_gmt":"2025-09-12T07:00:32","guid":{"rendered":"https:\/\/ugurgelinbuketi.com\/?post_type=product&#038;p=12190"},"modified":"2025-09-12T10:00:32","modified_gmt":"2025-09-12T07:00:32","slug":"pembe-lale-damat-yaka-cicegi","status":"publish","type":"product","link":"https:\/\/ugurgelinbuketi.com\/?product=pembe-lale-damat-yaka-cicegi","title":{"rendered":"Pembe Lale Damat Yaka \u00c7i\u00e7e\u011fi"},"content":{"rendered":"","protected":false},"excerpt":{"rendered":"<p>Pembe lale damat yaka \u00e7i\u00e7e\u011fidir.<\/p>\n<p>Paket i\u00e7eri\u011finde sadece damat yaka \u00e7i\u00e7e\u011fi yer almaktad\u0131r.<\/p>\n<p class=\"p1\">T\u00fcm \u00fcr\u00fcnlerimiz anla\u015fmal\u0131 kargo firmalar\u0131 arac\u0131l\u0131\u011f\u0131 ile adresinize muhafazal\u0131 ve hassas bir \u015fekilde kutulanarak g\u00f6nderilir.<\/p>\n<p class=\"p1\">2 i\u015f g\u00fcn\u00fc i\u00e7inde kargoya verilir.<\/p>\n","protected":false},"featured_media":12168,"comment_status":"open","ping_status":"closed","template":"","meta":{"_joinchat":[]},"product_brand":[],"product_cat":[2225],"product_tag":[174,1823,2339],"class_list":{"0":"post-12190","1":"product","2":"type-product","3":"status-publish","4":"has-post-thumbnail","6":"product_cat-damat-yaka-cicegi","7":"product_tag-damat-yaka-cicegi","8":"product_tag-pembe-damat-yaka-cicegi","9":"product_tag-pembe-lale-damat-yaka-cicegi","11":"first","12":"instock","13":"shipping-taxable","14":"purchasable","15":"product-type-simple"},"jetpack_sharing_enabled":true,"_links":{"self":[{"href":"https:\/\/ugurgelinbuketi.com\/index.php?rest_route=\/wp\/v2\/product\/12190","targetHints":{"allow":["GET"]}}],"collection":[{"href":"https:\/\/ugurgelinbuketi.com\/index.php?rest_route=\/wp\/v2\/product"}],"about":[{"href":"https:\/\/ugurgelinbuketi.com\/index.php?rest_route=\/wp\/v2\/types\/product"}],"replies":[{"embeddable":true,"href":"https:\/\/ugurgelinbuketi.com\/index.php?rest_route=%2Fwp%2Fv2%2Fcomments&post=12190"}],"wp:featuredmedia":[{"embeddable":true,"href":"https:\/\/ugurgelinbuketi.com\/index.php?rest_route=\/wp\/v2\/media\/12168"}],"wp:attachment":[{"href":"https:\/\/ugurgelinbuketi.com\/index.php?rest_route=%2Fwp%2Fv2%2Fmedia&parent=12190"}],"wp:term":[{"taxonomy":"product_brand","embeddable":true,"href":"https:\/\/ugurgelinbuketi.com\/index.php?rest_route=%2Fwp%2Fv2%2Fproduct_brand&post=12190"},{"taxonomy":"product_cat","embeddable":true,"href":"https:\/\/ugurgelinbuketi.com\/index.php?rest_route=%2Fwp%2Fv2%2Fproduct_cat&post=12190"},{"taxonomy":"product_tag","embeddable":true,"href":"https:\/\/ugurgelinbuketi.com\/index.php?rest_route=%2Fwp%2Fv2%2Fproduct_tag&post=12190"}],"curies":[{"name":"wp","href":"https:\/\/api.w.org\/{rel}","templated":true}]}}