{"id":12112,"date":"2025-09-11T23:35:10","date_gmt":"2025-09-11T20:35:10","guid":{"rendered":"https:\/\/ugurgelinbuketi.com\/?post_type=product&#038;p=12112"},"modified":"2025-10-04T17:28:15","modified_gmt":"2025-10-04T14:28:15","slug":"mor-8li-lale-demet","status":"publish","type":"product","link":"https:\/\/ugurgelinbuketi.com\/?product=mor-8li-lale-demet","title":{"rendered":"Mor 8\u2019li Lale Demet"},"content":{"rendered":"<p class=\"p1\">Islak sararmaz mor lale demetidir.<\/p>\n<p class=\"p1\">8 adet lale olarak sat\u0131lmaktad\u0131r.<\/p>\n<p class=\"p1\">\u00dcr\u00fcn\u00fcn dayan\u0131kl\u0131l\u0131k \u00f6mr\u00fc gerekli ko\u015fullar sa\u011flan\u0131rsa (nemden ve g\u00fcne\u015f \u0131\u015f\u0131\u011f\u0131ndan korunursa) 8-10 y\u0131l civar\u0131d\u0131r.<\/p>\n<p class=\"p1\">T\u00fcm \u00fcr\u00fcnlerimiz anla\u015fmal\u0131 kargo firmalar\u0131 arac\u0131l\u0131\u011f\u0131 ile adresinize muhafazal\u0131 ve hassas bir \u015fekilde kutulanarak g\u00f6nderilir.<\/p>\n<p class=\"p1\">2 i\u015f g\u00fcn\u00fc i\u00e7inde kargoya verilir.<\/p>\n","protected":false},"excerpt":{"rendered":"<p class=\"p1\">Islak sararmaz mor lale demetidir.<\/p>\n<p class=\"p1\">8 adet lale olarak sat\u0131lmaktad\u0131r.<\/p>\n<p class=\"p1\">\u00dcr\u00fcn\u00fcn dayan\u0131kl\u0131l\u0131k \u00f6mr\u00fc gerekli ko\u015fullar sa\u011flan\u0131rsa (nemden ve g\u00fcne\u015f \u0131\u015f\u0131\u011f\u0131ndan korunursa) 8-10 y\u0131l civar\u0131d\u0131r.<\/p>\n<p class=\"p1\">T\u00fcm \u00fcr\u00fcnlerimiz anla\u015fmal\u0131 kargo firmalar\u0131 arac\u0131l\u0131\u011f\u0131 ile adresinize muhafazal\u0131 ve hassas bir \u015fekilde kutulanarak g\u00f6nderilir.<\/p>\n<p class=\"p1\">2 i\u015f g\u00fcn\u00fc i\u00e7inde kargoya verilir.<\/p>\n","protected":false},"featured_media":12117,"comment_status":"open","ping_status":"closed","template":"","meta":{"_joinchat":[]},"product_brand":[],"product_cat":[2348],"product_tag":[2301,2304,2303,2302],"class_list":{"0":"post-12112","1":"product","2":"type-product","3":"status-publish","4":"has-post-thumbnail","6":"product_cat-8li-demetler","7":"product_tag-mor-8li-lale-demet","8":"product_tag-mor-demet","9":"product_tag-mor-lale","10":"product_tag-mor-lale-demet","12":"first","13":"instock","14":"sale","15":"shipping-taxable","16":"purchasable","17":"product-type-simple"},"jetpack_sharing_enabled":true,"_links":{"self":[{"href":"https:\/\/ugurgelinbuketi.com\/index.php?rest_route=\/wp\/v2\/product\/12112","targetHints":{"allow":["GET"]}}],"collection":[{"href":"https:\/\/ugurgelinbuketi.com\/index.php?rest_route=\/wp\/v2\/product"}],"about":[{"href":"https:\/\/ugurgelinbuketi.com\/index.php?rest_route=\/wp\/v2\/types\/product"}],"replies":[{"embeddable":true,"href":"https:\/\/ugurgelinbuketi.com\/index.php?rest_route=%2Fwp%2Fv2%2Fcomments&post=12112"}],"wp:featuredmedia":[{"embeddable":true,"href":"https:\/\/ugurgelinbuketi.com\/index.php?rest_route=\/wp\/v2\/media\/12117"}],"wp:attachment":[{"href":"https:\/\/ugurgelinbuketi.com\/index.php?rest_route=%2Fwp%2Fv2%2Fmedia&parent=12112"}],"wp:term":[{"taxonomy":"product_brand","embeddable":true,"href":"https:\/\/ugurgelinbuketi.com\/index.php?rest_route=%2Fwp%2Fv2%2Fproduct_brand&post=12112"},{"taxonomy":"product_cat","embeddable":true,"href":"https:\/\/ugurgelinbuketi.com\/index.php?rest_route=%2Fwp%2Fv2%2Fproduct_cat&post=12112"},{"taxonomy":"product_tag","embeddable":true,"href":"https:\/\/ugurgelinbuketi.com\/index.php?rest_route=%2Fwp%2Fv2%2Fproduct_tag&post=12112"}],"curies":[{"name":"wp","href":"https:\/\/api.w.org\/{rel}","templated":true}]}}