{"id":12042,"date":"2025-09-11T22:23:46","date_gmt":"2025-09-11T19:23:46","guid":{"rendered":"https:\/\/ugurgelinbuketi.com\/?post_type=product&#038;p=12042"},"modified":"2025-10-04T17:28:15","modified_gmt":"2025-10-04T14:28:15","slug":"acik-sari-8li-gala-demet","status":"publish","type":"product","link":"https:\/\/ugurgelinbuketi.com\/?product=acik-sari-8li-gala-demet","title":{"rendered":"A\u00e7\u0131k Sar\u0131 8\u2019li Gala Demet"},"content":{"rendered":"<p class=\"p1\">Islak sararmaz a\u00e7\u0131k sar\u0131 gala demetidir.<\/p>\n<p class=\"p1\">8 adet gala olarak sat\u0131lmaktad\u0131r.<\/p>\n<p class=\"p1\">\u00dcr\u00fcn\u00fcn dayan\u0131kl\u0131l\u0131k \u00f6mr\u00fc gerekli ko\u015fullar sa\u011flan\u0131rsa (nemden ve g\u00fcne\u015f \u0131\u015f\u0131\u011f\u0131ndan korunursa) 8-10 y\u0131l civar\u0131d\u0131r.<\/p>\n<p class=\"p1\">T\u00fcm \u00fcr\u00fcnlerimiz anla\u015fmal\u0131 kargo firmalar\u0131 arac\u0131l\u0131\u011f\u0131 ile adresinize muhafazal\u0131 ve hassas bir \u015fekilde kutulanarak g\u00f6nderilir.<\/p>\n<p class=\"p1\">2 i\u015f g\u00fcn\u00fc i\u00e7inde kargoya verilir.<\/p>\n","protected":false},"excerpt":{"rendered":"<p class=\"p1\">Islak sararmaz a\u00e7\u0131k sar\u0131 gala demetidir.<\/p>\n<p class=\"p1\">8 adet gala olarak sat\u0131lmaktad\u0131r.<\/p>\n<p class=\"p1\">\u00dcr\u00fcn\u00fcn dayan\u0131kl\u0131l\u0131k \u00f6mr\u00fc gerekli ko\u015fullar sa\u011flan\u0131rsa (nemden ve g\u00fcne\u015f \u0131\u015f\u0131\u011f\u0131ndan korunursa) 8-10 y\u0131l civar\u0131d\u0131r.<\/p>\n<p class=\"p1\">T\u00fcm \u00fcr\u00fcnlerimiz anla\u015fmal\u0131 kargo firmalar\u0131 arac\u0131l\u0131\u011f\u0131 ile adresinize muhafazal\u0131 ve hassas bir \u015fekilde kutulanarak g\u00f6nderilir.<\/p>\n<p class=\"p1\">2 i\u015f g\u00fcn\u00fc i\u00e7inde kargoya verilir.<\/p>\n","protected":false},"featured_media":12043,"comment_status":"open","ping_status":"closed","template":"","meta":{"_joinchat":[]},"product_brand":[],"product_cat":[2348],"product_tag":[2262,2263,2242,2264],"class_list":{"0":"post-12042","1":"product","2":"type-product","3":"status-publish","4":"has-post-thumbnail","6":"product_cat-8li-demetler","7":"product_tag-acik-sari-8li-gala-demet","8":"product_tag-acik-sari-gala-demet","9":"product_tag-sari-gala","10":"product_tag-sari-gala-demet","12":"first","13":"instock","14":"sale","15":"shipping-taxable","16":"purchasable","17":"product-type-simple"},"jetpack_sharing_enabled":true,"_links":{"self":[{"href":"https:\/\/ugurgelinbuketi.com\/index.php?rest_route=\/wp\/v2\/product\/12042","targetHints":{"allow":["GET"]}}],"collection":[{"href":"https:\/\/ugurgelinbuketi.com\/index.php?rest_route=\/wp\/v2\/product"}],"about":[{"href":"https:\/\/ugurgelinbuketi.com\/index.php?rest_route=\/wp\/v2\/types\/product"}],"replies":[{"embeddable":true,"href":"https:\/\/ugurgelinbuketi.com\/index.php?rest_route=%2Fwp%2Fv2%2Fcomments&post=12042"}],"wp:featuredmedia":[{"embeddable":true,"href":"https:\/\/ugurgelinbuketi.com\/index.php?rest_route=\/wp\/v2\/media\/12043"}],"wp:attachment":[{"href":"https:\/\/ugurgelinbuketi.com\/index.php?rest_route=%2Fwp%2Fv2%2Fmedia&parent=12042"}],"wp:term":[{"taxonomy":"product_brand","embeddable":true,"href":"https:\/\/ugurgelinbuketi.com\/index.php?rest_route=%2Fwp%2Fv2%2Fproduct_brand&post=12042"},{"taxonomy":"product_cat","embeddable":true,"href":"https:\/\/ugurgelinbuketi.com\/index.php?rest_route=%2Fwp%2Fv2%2Fproduct_cat&post=12042"},{"taxonomy":"product_tag","embeddable":true,"href":"https:\/\/ugurgelinbuketi.com\/index.php?rest_route=%2Fwp%2Fv2%2Fproduct_tag&post=12042"}],"curies":[{"name":"wp","href":"https:\/\/api.w.org\/{rel}","templated":true}]}}