{"id":11858,"date":"2025-08-31T23:46:36","date_gmt":"2025-08-31T20:46:36","guid":{"rendered":"https:\/\/ugurgelinbuketi.com\/?post_type=product&#038;p=11858"},"modified":"2025-10-14T16:33:38","modified_gmt":"2025-10-14T13:33:38","slug":"gala-incili-ozel-tasarim-gelin-el-buketi","status":"publish","type":"product","link":"https:\/\/ugurgelinbuketi.com\/?product=gala-incili-ozel-tasarim-gelin-el-buketi","title":{"rendered":"Gala \u0130ncili \u00d6zel Tasar\u0131m Gelin El Buketi"},"content":{"rendered":"<p class=\"p1\">\u0130thal gala incili gelin el \u00e7i\u00e7e\u011fi \u00f6zel tasar\u0131m gelin buketi . Beyaz renkler temel olarak esas al\u0131nm\u0131\u015ft\u0131r.<\/p>\n<p class=\"p1\">Paket i\u00e7eri\u011fi 1 adet gelin \u00e7i\u00e7e\u011fi ve damat yaka \u00e7i\u00e7e\u011fidir.<\/p>\n<p class=\"p1\">Damat yaka \u00e7i\u00e7e\u011fi hediyemizdir.<\/p>\n<p class=\"p1\">Gelin Tac\u0131 ve nedime bilekli\u011fi iste\u011fe g\u00f6re haz\u0131rlanmaktad\u0131r.<\/p>\n<p class=\"p1\">\u00dcr\u00fcn\u00fcn dayan\u0131kl\u0131l\u0131k \u00f6mr\u00fc gerekli ko\u015fullar sa\u011flan\u0131rsa (nemden ve g\u00fcne\u015f \u0131\u015f\u0131\u011f\u0131ndan korunursa) 8-10 y\u0131l civar\u0131d\u0131r.<\/p>\n<p class=\"p1\">T\u00fcm \u00fcr\u00fcnlerimiz anla\u015fmal\u0131 kargo firmalar\u0131 arac\u0131l\u0131\u011f\u0131 ile adresinize muhafazal\u0131 ve hassas bir \u015fekilde kutulanarak g\u00f6nderilir.<\/p>\n<p class=\"p1\">2 i\u015f g\u00fcn\u00fc i\u00e7inde kargoya verilir.<\/p>\n","protected":false},"excerpt":{"rendered":"<p class=\"p1\">\u0130thal gala incili gelin el \u00e7i\u00e7e\u011fi \u00f6zel tasar\u0131m gelin buketi . Beyaz renkler temel olarak esas al\u0131nm\u0131\u015ft\u0131r.<\/p>\n<p class=\"p1\">Paket i\u00e7eri\u011fi 1 adet gelin \u00e7i\u00e7e\u011fi ve damat yaka \u00e7i\u00e7e\u011fidir.<\/p>\n<p class=\"p1\">Damat yaka \u00e7i\u00e7e\u011fi hediyemizdir.<\/p>\n<p class=\"p1\">Gelin Tac\u0131 ve nedime bilekli\u011fi iste\u011fe g\u00f6re haz\u0131rlanmaktad\u0131r.<\/p>\n<p class=\"p1\">\u00dcr\u00fcn\u00fcn dayan\u0131kl\u0131l\u0131k \u00f6mr\u00fc gerekli ko\u015fullar sa\u011flan\u0131rsa (nemden ve g\u00fcne\u015f \u0131\u015f\u0131\u011f\u0131ndan korunursa) 8-10 y\u0131l civar\u0131d\u0131r.<\/p>\n<p class=\"p1\">T\u00fcm \u00fcr\u00fcnlerimiz anla\u015fmal\u0131 kargo firmalar\u0131 arac\u0131l\u0131\u011f\u0131 ile adresinize muhafazal\u0131 ve hassas bir \u015fekilde kutulanarak g\u00f6nderilir.<\/p>\n<p class=\"p1\">2 i\u015f g\u00fcn\u00fc i\u00e7inde kargoya verilir.<\/p>\n","protected":false},"featured_media":11860,"comment_status":"open","ping_status":"closed","template":"","meta":{"_joinchat":[]},"product_brand":[],"product_cat":[128],"product_tag":[1106,1341,882,184,1777,1776,2209,2195,2196,2215,2212,2213,2214,2187,1097,1101,2119],"class_list":{"0":"post-11858","1":"product","2":"type-product","3":"status-publish","4":"has-post-thumbnail","6":"product_cat-premium-buketler","7":"product_tag-aranjman-dogal-gelin-buketi","8":"product_tag-beyaz-aranjman-beyaz-dogal-gelin-cicegi","9":"product_tag-beyaz-dogal-gelin-buketi","10":"product_tag-beyaz-gelin-buketi","11":"product_tag-beyaz-gelin-buketi-secenekleri","12":"product_tag-beyaz-gelin-cicegi-modelleri","13":"product_tag-beyaz-incili-ozel-tasarim-el-buketi","14":"product_tag-beyaz-naturel-ozel-tasarim-gelin-cicegi","15":"product_tag-beyaz-ozel-tasarim-gelin-cicegi","16":"product_tag-gala-incili-gelin-el-cicegi","17":"product_tag-gala-incili-ozel-tasarim-gelin-el-buketi","18":"product_tag-gala-incili-ozel-tasarim-gelin-el-cicegi","19":"product_tag-incili-gala-gelin-buketi","20":"product_tag-incili-ozel-tasarim-gelin-cicegi","21":"product_tag-islak-gala-buket-fiyatlari","22":"product_tag-islak-gala-el-cicegi","23":"product_tag-islak-gala-gelin-buketi","25":"first","26":"instock","27":"sale","28":"shipping-taxable","29":"purchasable","30":"product-type-simple"},"jetpack_sharing_enabled":true,"_links":{"self":[{"href":"https:\/\/ugurgelinbuketi.com\/index.php?rest_route=\/wp\/v2\/product\/11858","targetHints":{"allow":["GET"]}}],"collection":[{"href":"https:\/\/ugurgelinbuketi.com\/index.php?rest_route=\/wp\/v2\/product"}],"about":[{"href":"https:\/\/ugurgelinbuketi.com\/index.php?rest_route=\/wp\/v2\/types\/product"}],"replies":[{"embeddable":true,"href":"https:\/\/ugurgelinbuketi.com\/index.php?rest_route=%2Fwp%2Fv2%2Fcomments&post=11858"}],"wp:featuredmedia":[{"embeddable":true,"href":"https:\/\/ugurgelinbuketi.com\/index.php?rest_route=\/wp\/v2\/media\/11860"}],"wp:attachment":[{"href":"https:\/\/ugurgelinbuketi.com\/index.php?rest_route=%2Fwp%2Fv2%2Fmedia&parent=11858"}],"wp:term":[{"taxonomy":"product_brand","embeddable":true,"href":"https:\/\/ugurgelinbuketi.com\/index.php?rest_route=%2Fwp%2Fv2%2Fproduct_brand&post=11858"},{"taxonomy":"product_cat","embeddable":true,"href":"https:\/\/ugurgelinbuketi.com\/index.php?rest_route=%2Fwp%2Fv2%2Fproduct_cat&post=11858"},{"taxonomy":"product_tag","embeddable":true,"href":"https:\/\/ugurgelinbuketi.com\/index.php?rest_route=%2Fwp%2Fv2%2Fproduct_tag&post=11858"}],"curies":[{"name":"wp","href":"https:\/\/api.w.org\/{rel}","templated":true}]}}