{"id":11760,"date":"2025-08-30T23:26:10","date_gmt":"2025-08-30T20:26:10","guid":{"rendered":"https:\/\/ugurgelinbuketi.com\/?post_type=product&#038;p=11760"},"modified":"2025-10-05T01:48:11","modified_gmt":"2025-10-04T22:48:11","slug":"islak-lale-incili-tullu-beyaz-gelin-buketi","status":"publish","type":"product","link":"https:\/\/ugurgelinbuketi.com\/?product=islak-lale-incili-tullu-beyaz-gelin-buketi","title":{"rendered":"Islak Lale \u0130ncili T\u00fcll\u00fc Beyaz Gelin Buketi"},"content":{"rendered":"<p class=\"p1\">Islak Lale \u0130ncili T\u00fcl ile yap\u0131lan orta boy gelin \u00e7i\u00e7e\u011fi. Beyaz<span class=\"Apple-converted-space\">\u00a0<\/span>renkler temel olarak esas al\u0131nm\u0131\u015ft\u0131r.<\/p>\n<p class=\"p1\">Paket i\u00e7eri\u011fi 1 adet gelin \u00e7i\u00e7e\u011fi ve damat yaka \u00e7i\u00e7e\u011fidir.<\/p>\n<p class=\"p1\">Damat yaka \u00e7i\u00e7e\u011fi hediyemizdir.<\/p>\n<p class=\"p1\">Gelin Tac\u0131 ve nedime bilekli\u011fi iste\u011fe g\u00f6re haz\u0131rlanmaktad\u0131r.<\/p>\n<p class=\"p1\">\u00dcr\u00fcn\u00fcn dayan\u0131kl\u0131l\u0131k \u00f6mr\u00fc gerekli ko\u015fullar sa\u011flan\u0131rsa (nemden ve g\u00fcne\u015f \u0131\u015f\u0131\u011f\u0131ndan korunursa) 8-10 y\u0131l civar\u0131d\u0131r.<\/p>\n<p class=\"p1\">T\u00fcm \u00fcr\u00fcnlerimiz anla\u015fmal\u0131 kargo firmalar\u0131 arac\u0131l\u0131\u011f\u0131 ile adresinize muhafazal\u0131 ve hassas bir \u015fekilde kutulanarak g\u00f6nderilir.<\/p>\n<p class=\"p1\">2 i\u015f g\u00fcn\u00fc i\u00e7inde kargoya verilir.<\/p>\n","protected":false},"excerpt":{"rendered":"<p class=\"p1\">Islak Lale \u0130ncili T\u00fcl ile yap\u0131lan orta boy gelin \u00e7i\u00e7e\u011fi. Beyaz renkler temel olarak esas al\u0131nm\u0131\u015ft\u0131r.<\/p>\n<p class=\"p1\">Paket i\u00e7eri\u011fi 1 adet gelin \u00e7i\u00e7e\u011fi ve damat yaka \u00e7i\u00e7e\u011fidir.<\/p>\n<p class=\"p1\">Damat yaka \u00e7i\u00e7e\u011fi hediyemizdir.<\/p>\n<p class=\"p1\">Gelin Tac\u0131 ve nedime bilekli\u011fi iste\u011fe g\u00f6re haz\u0131rlanmaktad\u0131r.<\/p>\n<p class=\"p1\">\u00dcr\u00fcn\u00fcn dayan\u0131kl\u0131l\u0131k \u00f6mr\u00fc gerekli ko\u015fullar sa\u011flan\u0131rsa (nemden ve g\u00fcne\u015f \u0131\u015f\u0131\u011f\u0131ndan korunursa) 8-10 y\u0131l civar\u0131d\u0131r.<\/p>\n<p class=\"p1\">T\u00fcm \u00fcr\u00fcnlerimiz anla\u015fmal\u0131 kargo firmalar\u0131 arac\u0131l\u0131\u011f\u0131 ile adresinize muhafazal\u0131 ve hassas bir \u015fekilde kutulanarak g\u00f6nderilir.<\/p>\n<p class=\"p1\">2 i\u015f g\u00fcn\u00fc i\u00e7inde kargoya verilir.<\/p>\n","protected":false},"featured_media":11764,"comment_status":"open","ping_status":"closed","template":"","meta":{"_joinchat":[]},"product_brand":[],"product_cat":[2349],"product_tag":[1350,882,184,1777,627,1776,161,2146,2147,2148,2143,2144,2149,2150,2145],"class_list":{"0":"post-11760","1":"product","2":"type-product","3":"status-publish","4":"has-post-thumbnail","6":"product_cat-beyaz-buketler","7":"product_tag-beyaz-aranjman-beyaz-gelin-buketleri","8":"product_tag-beyaz-dogal-gelin-buketi","9":"product_tag-beyaz-gelin-buketi","10":"product_tag-beyaz-gelin-buketi-secenekleri","11":"product_tag-beyaz-gelin-cicegi","12":"product_tag-beyaz-gelin-cicegi-modelleri","13":"product_tag-gelin-buketi-modelleri","14":"product_tag-incili-tullu-gelin-buketi","15":"product_tag-islak-lale-incili-tullu-beyaz-gelin-buketi","16":"product_tag-islak-lale-incili-tullu-beyaz-gelin-cicegi","17":"product_tag-islak-lale-incili-tullu-gelin-buketi","18":"product_tag-islak-lale-incili-tullu-gelin-cicegi","19":"product_tag-lale-incili-tullu-beyaz-gelin-buketi","20":"product_tag-lale-incili-tullu-beyaz-gelin-cicegi","21":"product_tag-lale-incili-tullu-gelin-buketi","23":"first","24":"instock","25":"sale","26":"shipping-taxable","27":"purchasable","28":"product-type-simple"},"jetpack_sharing_enabled":true,"_links":{"self":[{"href":"https:\/\/ugurgelinbuketi.com\/index.php?rest_route=\/wp\/v2\/product\/11760","targetHints":{"allow":["GET"]}}],"collection":[{"href":"https:\/\/ugurgelinbuketi.com\/index.php?rest_route=\/wp\/v2\/product"}],"about":[{"href":"https:\/\/ugurgelinbuketi.com\/index.php?rest_route=\/wp\/v2\/types\/product"}],"replies":[{"embeddable":true,"href":"https:\/\/ugurgelinbuketi.com\/index.php?rest_route=%2Fwp%2Fv2%2Fcomments&post=11760"}],"wp:featuredmedia":[{"embeddable":true,"href":"https:\/\/ugurgelinbuketi.com\/index.php?rest_route=\/wp\/v2\/media\/11764"}],"wp:attachment":[{"href":"https:\/\/ugurgelinbuketi.com\/index.php?rest_route=%2Fwp%2Fv2%2Fmedia&parent=11760"}],"wp:term":[{"taxonomy":"product_brand","embeddable":true,"href":"https:\/\/ugurgelinbuketi.com\/index.php?rest_route=%2Fwp%2Fv2%2Fproduct_brand&post=11760"},{"taxonomy":"product_cat","embeddable":true,"href":"https:\/\/ugurgelinbuketi.com\/index.php?rest_route=%2Fwp%2Fv2%2Fproduct_cat&post=11760"},{"taxonomy":"product_tag","embeddable":true,"href":"https:\/\/ugurgelinbuketi.com\/index.php?rest_route=%2Fwp%2Fv2%2Fproduct_tag&post=11760"}],"curies":[{"name":"wp","href":"https:\/\/api.w.org\/{rel}","templated":true}]}}