{"id":11726,"date":"2025-08-30T22:01:02","date_gmt":"2025-08-30T19:01:02","guid":{"rendered":"https:\/\/ugurgelinbuketi.com\/?post_type=product&#038;p=11726"},"modified":"2025-10-05T01:48:12","modified_gmt":"2025-10-04T22:48:12","slug":"gul-papatyali-beyaz-gelin-cicegi","status":"publish","type":"product","link":"https:\/\/ugurgelinbuketi.com\/?product=gul-papatyali-beyaz-gelin-cicegi","title":{"rendered":"G\u00fcl Papatyal\u0131 Beyaz Gelin \u00c7i\u00e7e\u011fi"},"content":{"rendered":"<p class=\"p1\">G\u00fcl Papatya ve \u0130thal yaprak ile yap\u0131lan b\u00fcy\u00fck boy gelin \u00e7i\u00e7e\u011fi.<span class=\"Apple-converted-space\"> Beyaz <\/span>renkler temel olarak esas al\u0131nm\u0131\u015ft\u0131r.<\/p>\n<p class=\"p1\">Paket i\u00e7eri\u011fi 1 adet gelin \u00e7i\u00e7e\u011fi ve damat yaka \u00e7i\u00e7e\u011fidir.<\/p>\n<p class=\"p1\">Damat yaka \u00e7i\u00e7e\u011fi hediyemizdir.<\/p>\n<p class=\"p1\">Gelin Tac\u0131 ve nedime bilekli\u011fi iste\u011fe g\u00f6re haz\u0131rlanmaktad\u0131r.<\/p>\n<p class=\"p1\">\u00dcr\u00fcn\u00fcn dayan\u0131kl\u0131l\u0131k \u00f6mr\u00fc gerekli ko\u015fullar sa\u011flan\u0131rsa (nemden ve g\u00fcne\u015f \u0131\u015f\u0131\u011f\u0131ndan korunursa) 8-10 y\u0131l civar\u0131d\u0131r.<\/p>\n<p class=\"p1\">T\u00fcm \u00fcr\u00fcnlerimiz anla\u015fmal\u0131 kargo firmalar\u0131 arac\u0131l\u0131\u011f\u0131 ile adresinize muhafazal\u0131 ve hassas bir \u015fekilde kutulanarak g\u00f6nderilir.<\/p>\n<p class=\"p1\">2 i\u015f g\u00fcn\u00fc i\u00e7inde kargoya verilir.<\/p>\n","protected":false},"excerpt":{"rendered":"<p class=\"p1\">G\u00fcl Papatya ve \u0130thal yaprak ile yap\u0131lan b\u00fcy\u00fck boy gelin \u00e7i\u00e7e\u011fi.<span class=\"Apple-converted-space\"> Beyaz <\/span>renkler temel olarak esas al\u0131nm\u0131\u015ft\u0131r.<\/p>\n<p class=\"p1\">Paket i\u00e7eri\u011fi 1 adet gelin \u00e7i\u00e7e\u011fi ve damat yaka \u00e7i\u00e7e\u011fidir.<\/p>\n<p class=\"p1\">Damat yaka \u00e7i\u00e7e\u011fi hediyemizdir.<\/p>\n<p class=\"p1\">Gelin Tac\u0131 ve nedime bilekli\u011fi iste\u011fe g\u00f6re haz\u0131rlanmaktad\u0131r.<\/p>\n<p class=\"p1\">\u00dcr\u00fcn\u00fcn dayan\u0131kl\u0131l\u0131k \u00f6mr\u00fc gerekli ko\u015fullar sa\u011flan\u0131rsa (nemden ve g\u00fcne\u015f \u0131\u015f\u0131\u011f\u0131ndan korunursa) 8-10 y\u0131l civar\u0131d\u0131r.<\/p>\n<p class=\"p1\">T\u00fcm \u00fcr\u00fcnlerimiz anla\u015fmal\u0131 kargo firmalar\u0131 arac\u0131l\u0131\u011f\u0131 ile adresinize muhafazal\u0131 ve hassas bir \u015fekilde kutulanarak g\u00f6nderilir.<\/p>\n<p class=\"p1\">2 i\u015f g\u00fcn\u00fc i\u00e7inde kargoya verilir.<\/p>\n","protected":false},"featured_media":11731,"comment_status":"open","ping_status":"closed","template":"","meta":{"_joinchat":[]},"product_brand":[],"product_cat":[2349,128],"product_tag":[1341,1350,184,627,1776,1704,883,551,556,645,559,2124,2123,2122],"class_list":{"0":"post-11726","1":"product","2":"type-product","3":"status-publish","4":"has-post-thumbnail","6":"product_cat-beyaz-buketler","7":"product_cat-premium-buketler","8":"product_tag-beyaz-aranjman-beyaz-dogal-gelin-cicegi","9":"product_tag-beyaz-aranjman-beyaz-gelin-buketleri","10":"product_tag-beyaz-gelin-buketi","11":"product_tag-beyaz-gelin-cicegi","12":"product_tag-beyaz-gelin-cicegi-modelleri","13":"product_tag-beyaz-gul-gelin-cicegi","14":"product_tag-beyaz-naturel-gelin-buketi","15":"product_tag-beyaz-papatyali-dogal-gelin-cicegi","16":"product_tag-beyaz-papatyali-el-buketi","17":"product_tag-beyaz-papatyali-gelin-cicegi-fiyatlari","18":"product_tag-beyaz-papatyali-gelin-cicegi-modelleri","19":"product_tag-gul-beyaz-gelin-cicegi","20":"product_tag-gul-papatyali-beyaz-gelin-buketi","21":"product_tag-gul-papatyali-beyaz-gelin-cicegi","23":"first","24":"instock","25":"sale","26":"shipping-taxable","27":"purchasable","28":"product-type-simple"},"jetpack_sharing_enabled":true,"_links":{"self":[{"href":"https:\/\/ugurgelinbuketi.com\/index.php?rest_route=\/wp\/v2\/product\/11726","targetHints":{"allow":["GET"]}}],"collection":[{"href":"https:\/\/ugurgelinbuketi.com\/index.php?rest_route=\/wp\/v2\/product"}],"about":[{"href":"https:\/\/ugurgelinbuketi.com\/index.php?rest_route=\/wp\/v2\/types\/product"}],"replies":[{"embeddable":true,"href":"https:\/\/ugurgelinbuketi.com\/index.php?rest_route=%2Fwp%2Fv2%2Fcomments&post=11726"}],"wp:featuredmedia":[{"embeddable":true,"href":"https:\/\/ugurgelinbuketi.com\/index.php?rest_route=\/wp\/v2\/media\/11731"}],"wp:attachment":[{"href":"https:\/\/ugurgelinbuketi.com\/index.php?rest_route=%2Fwp%2Fv2%2Fmedia&parent=11726"}],"wp:term":[{"taxonomy":"product_brand","embeddable":true,"href":"https:\/\/ugurgelinbuketi.com\/index.php?rest_route=%2Fwp%2Fv2%2Fproduct_brand&post=11726"},{"taxonomy":"product_cat","embeddable":true,"href":"https:\/\/ugurgelinbuketi.com\/index.php?rest_route=%2Fwp%2Fv2%2Fproduct_cat&post=11726"},{"taxonomy":"product_tag","embeddable":true,"href":"https:\/\/ugurgelinbuketi.com\/index.php?rest_route=%2Fwp%2Fv2%2Fproduct_tag&post=11726"}],"curies":[{"name":"wp","href":"https:\/\/api.w.org\/{rel}","templated":true}]}}