{"id":11616,"date":"2025-08-30T09:30:48","date_gmt":"2025-08-30T06:30:48","guid":{"rendered":"https:\/\/ugurgelinbuketi.com\/?post_type=product&#038;p=11616"},"modified":"2025-10-05T02:22:38","modified_gmt":"2025-10-04T23:22:38","slug":"islak-lale-gala-gul-kirmizi-beyaz-gelin-cicegi","status":"publish","type":"product","link":"https:\/\/ugurgelinbuketi.com\/?product=islak-lale-gala-gul-kirmizi-beyaz-gelin-cicegi","title":{"rendered":"Islak Lale Gala G\u00fcl K\u0131rm\u0131z\u0131 Beyaz Gelin \u00c7i\u00e7e\u011fi"},"content":{"rendered":"<p class=\"p1\">Islak Lale, gala, g\u00fcl ve ithal\u00a0 yaprak ile yap\u0131lan orta boy gelin \u00e7i\u00e7e\u011fi. Beyaz k\u0131rm\u0131z\u0131<span class=\"Apple-converted-space\">\u00a0<\/span>renkler temel olarak esas al\u0131nm\u0131\u015ft\u0131r.<\/p>\n<p class=\"p1\">Paket i\u00e7eri\u011fi 1 adet gelin \u00e7i\u00e7e\u011fi ve damat yaka \u00e7i\u00e7e\u011fidir.<\/p>\n<p class=\"p1\">Damat yaka \u00e7i\u00e7e\u011fi hediyemizdir.<\/p>\n<p class=\"p1\">Gelin Tac\u0131 ve nedime bilekli\u011fi iste\u011fe g\u00f6re haz\u0131rlanmaktad\u0131r.<\/p>\n<p class=\"p1\">\u00dcr\u00fcn\u00fcn dayan\u0131kl\u0131l\u0131k \u00f6mr\u00fc gerekli ko\u015fullar sa\u011flan\u0131rsa (nemden ve g\u00fcne\u015f \u0131\u015f\u0131\u011f\u0131ndan korunursa) 8-10 y\u0131l civar\u0131d\u0131r.<\/p>\n<p class=\"p1\">T\u00fcm \u00fcr\u00fcnlerimiz anla\u015fmal\u0131 kargo firmalar\u0131 arac\u0131l\u0131\u011f\u0131 ile adresinize muhafazal\u0131 ve hassas bir \u015fekilde kutulanarak g\u00f6nderilir.<\/p>\n<p class=\"p1\">2 i\u015f g\u00fcn\u00fc i\u00e7inde kargoya verilir.<\/p>\n","protected":false},"excerpt":{"rendered":"<p class=\"p1\">Islak Lale, gala, g\u00fcl ve ithal\u00a0 yaprak ile yap\u0131lan orta boy gelin \u00e7i\u00e7e\u011fi. Beyaz k\u0131rm\u0131z\u0131 renkler temel olarak esas al\u0131nm\u0131\u015ft\u0131r.<\/p>\n<p class=\"p1\">Paket i\u00e7eri\u011fi 1 adet gelin \u00e7i\u00e7e\u011fi ve damat yaka \u00e7i\u00e7e\u011fidir.<\/p>\n<p class=\"p1\">Damat yaka \u00e7i\u00e7e\u011fi hediyemizdir.<\/p>\n<p class=\"p1\">Gelin Tac\u0131 ve nedime bilekli\u011fi iste\u011fe g\u00f6re haz\u0131rlanmaktad\u0131r.<\/p>\n<p class=\"p1\">\u00dcr\u00fcn\u00fcn dayan\u0131kl\u0131l\u0131k \u00f6mr\u00fc gerekli ko\u015fullar sa\u011flan\u0131rsa (nemden ve g\u00fcne\u015f \u0131\u015f\u0131\u011f\u0131ndan korunursa) 8-10 y\u0131l civar\u0131d\u0131r.<\/p>\n<p class=\"p1\">T\u00fcm \u00fcr\u00fcnlerimiz anla\u015fmal\u0131 kargo firmalar\u0131 arac\u0131l\u0131\u011f\u0131 ile adresinize muhafazal\u0131 ve hassas bir \u015fekilde kutulanarak g\u00f6nderilir.<\/p>\n<p class=\"p1\">2 i\u015f g\u00fcn\u00fc i\u00e7inde kargoya verilir.<\/p>\n","protected":false},"featured_media":11621,"comment_status":"open","ping_status":"closed","template":"","meta":{"_joinchat":[]},"product_brand":[],"product_cat":[2350],"product_tag":[],"class_list":{"0":"post-11616","1":"product","2":"type-product","3":"status-publish","4":"has-post-thumbnail","6":"product_cat-renkli-buketler","8":"first","9":"instock","10":"sale","11":"shipping-taxable","12":"purchasable","13":"product-type-simple"},"jetpack_sharing_enabled":true,"_links":{"self":[{"href":"https:\/\/ugurgelinbuketi.com\/index.php?rest_route=\/wp\/v2\/product\/11616","targetHints":{"allow":["GET"]}}],"collection":[{"href":"https:\/\/ugurgelinbuketi.com\/index.php?rest_route=\/wp\/v2\/product"}],"about":[{"href":"https:\/\/ugurgelinbuketi.com\/index.php?rest_route=\/wp\/v2\/types\/product"}],"replies":[{"embeddable":true,"href":"https:\/\/ugurgelinbuketi.com\/index.php?rest_route=%2Fwp%2Fv2%2Fcomments&post=11616"}],"wp:featuredmedia":[{"embeddable":true,"href":"https:\/\/ugurgelinbuketi.com\/index.php?rest_route=\/wp\/v2\/media\/11621"}],"wp:attachment":[{"href":"https:\/\/ugurgelinbuketi.com\/index.php?rest_route=%2Fwp%2Fv2%2Fmedia&parent=11616"}],"wp:term":[{"taxonomy":"product_brand","embeddable":true,"href":"https:\/\/ugurgelinbuketi.com\/index.php?rest_route=%2Fwp%2Fv2%2Fproduct_brand&post=11616"},{"taxonomy":"product_cat","embeddable":true,"href":"https:\/\/ugurgelinbuketi.com\/index.php?rest_route=%2Fwp%2Fv2%2Fproduct_cat&post=11616"},{"taxonomy":"product_tag","embeddable":true,"href":"https:\/\/ugurgelinbuketi.com\/index.php?rest_route=%2Fwp%2Fv2%2Fproduct_tag&post=11616"}],"curies":[{"name":"wp","href":"https:\/\/api.w.org\/{rel}","templated":true}]}}