{"id":11565,"date":"2025-08-28T23:54:42","date_gmt":"2025-08-28T20:54:42","guid":{"rendered":"https:\/\/ugurgelinbuketi.com\/?post_type=product&#038;p=11565"},"modified":"2025-10-05T02:40:08","modified_gmt":"2025-10-04T23:40:08","slug":"gri-beyaz-gelin-cicegi","status":"publish","type":"product","link":"https:\/\/ugurgelinbuketi.com\/?product=gri-beyaz-gelin-cicegi","title":{"rendered":"Lale G\u00fcl Gri Beyaz Gelin \u00c7i\u00e7e\u011fi"},"content":{"rendered":"<p class=\"p1\">Lale, g\u00fcl ve ithal yaprak ile yap\u0131lan orta boy gelin \u00e7i\u00e7e\u011fi.<span class=\"Apple-converted-space\"> Beyaz ve gri <\/span>renkler temel olarak esas al\u0131nm\u0131\u015ft\u0131r.<\/p>\n<p class=\"p1\">Paket i\u00e7eri\u011fi 1 adet gelin \u00e7i\u00e7e\u011fidir ve damat yaka \u00e7i\u00e7e\u011fidir.<\/p>\n<p class=\"p1\">Damat yaka \u00e7i\u00e7e\u011fi dahil hediyemizdir.<\/p>\n<p class=\"p1\">Gelin Tac\u0131 ve nedime bilekli\u011fi iste\u011fe g\u00f6re haz\u0131rlanmaktad\u0131r.<\/p>\n<p class=\"p1\">\u00dcr\u00fcn\u00fcn dayan\u0131kl\u0131l\u0131k \u00f6mr\u00fc gerekli ko\u015fullar sa\u011flan\u0131rsa (nemden ve g\u00fcne\u015f \u0131\u015f\u0131\u011f\u0131ndan korunursa) 8-10 y\u0131l civar\u0131d\u0131r.<\/p>\n<p class=\"p1\">T\u00fcm \u00fcr\u00fcnlerimiz anla\u015fmal\u0131 kargo firmalar\u0131 arac\u0131l\u0131\u011f\u0131 ile adresinize muhafazal\u0131 ve hassas bir \u015fekilde kutulanarak g\u00f6nderilir.<\/p>\n<p class=\"p1\">2 i\u015f g\u00fcn\u00fc i\u00e7inde kargoya verilir.<\/p>\n","protected":false},"excerpt":{"rendered":"<p class=\"p1\">Lale, g\u00fcl ve ithal yaprak ile yap\u0131lan orta boy gelin \u00e7i\u00e7e\u011fi.<span class=\"Apple-converted-space\"> Beyaz <\/span>renkler temel olarak esas al\u0131nm\u0131\u015ft\u0131r.<\/p>\n<p class=\"p1\">Paket i\u00e7eri\u011fi 1 adet gelin \u00e7i\u00e7e\u011fidir ve damat yaka \u00e7i\u00e7e\u011fidir.<\/p>\n<p class=\"p1\">Damat yaka \u00e7i\u00e7e\u011fi dahil hediyemizdir.<\/p>\n<p class=\"p1\">Gelin Tac\u0131 ve nedime bilekli\u011fi iste\u011fe g\u00f6re haz\u0131rlanmaktad\u0131r.<\/p>\n<p class=\"p1\">\u00dcr\u00fcn\u00fcn dayan\u0131kl\u0131l\u0131k \u00f6mr\u00fc gerekli ko\u015fullar sa\u011flan\u0131rsa (nemden ve g\u00fcne\u015f \u0131\u015f\u0131\u011f\u0131ndan korunursa) 8-10 y\u0131l civar\u0131d\u0131r.<\/p>\n<p class=\"p1\">T\u00fcm \u00fcr\u00fcnlerimiz anla\u015fmal\u0131 kargo firmalar\u0131 arac\u0131l\u0131\u011f\u0131 ile adresinize muhafazal\u0131 ve hassas bir \u015fekilde kutulanarak g\u00f6nderilir.<\/p>\n<p class=\"p1\">2 i\u015f g\u00fcn\u00fc i\u00e7inde kargoya verilir.<\/p>\n","protected":false},"featured_media":11568,"comment_status":"open","ping_status":"closed","template":"","meta":{"_joinchat":[]},"product_brand":[],"product_cat":[2350],"product_tag":[184,134,161,160,201,206,1799,211,208,441,1901,200],"class_list":{"0":"post-11565","1":"product","2":"type-product","3":"status-publish","4":"has-post-thumbnail","6":"product_cat-renkli-buketler","7":"product_tag-beyaz-gelin-buketi","8":"product_tag-gelin-buketi","9":"product_tag-gelin-buketi-modelleri","10":"product_tag-gelin-cicekleri","11":"product_tag-gri-beyaz-dogal-gelin-cicegi","12":"product_tag-gri-beyaz-el-buketi","13":"product_tag-gri-beyaz-gelin-buketi","14":"product_tag-gri-beyaz-gelin-buketleri","15":"product_tag-gri-beyaz-gelin-cicegi-fiyatlari","16":"product_tag-gri-gelin-buketi","17":"product_tag-gri-gelin-buketi-fiyatlari","18":"product_tag-gri-gelin-cicegi","20":"first","21":"instock","22":"sale","23":"shipping-taxable","24":"purchasable","25":"product-type-simple"},"jetpack_sharing_enabled":true,"_links":{"self":[{"href":"https:\/\/ugurgelinbuketi.com\/index.php?rest_route=\/wp\/v2\/product\/11565","targetHints":{"allow":["GET"]}}],"collection":[{"href":"https:\/\/ugurgelinbuketi.com\/index.php?rest_route=\/wp\/v2\/product"}],"about":[{"href":"https:\/\/ugurgelinbuketi.com\/index.php?rest_route=\/wp\/v2\/types\/product"}],"replies":[{"embeddable":true,"href":"https:\/\/ugurgelinbuketi.com\/index.php?rest_route=%2Fwp%2Fv2%2Fcomments&post=11565"}],"wp:featuredmedia":[{"embeddable":true,"href":"https:\/\/ugurgelinbuketi.com\/index.php?rest_route=\/wp\/v2\/media\/11568"}],"wp:attachment":[{"href":"https:\/\/ugurgelinbuketi.com\/index.php?rest_route=%2Fwp%2Fv2%2Fmedia&parent=11565"}],"wp:term":[{"taxonomy":"product_brand","embeddable":true,"href":"https:\/\/ugurgelinbuketi.com\/index.php?rest_route=%2Fwp%2Fv2%2Fproduct_brand&post=11565"},{"taxonomy":"product_cat","embeddable":true,"href":"https:\/\/ugurgelinbuketi.com\/index.php?rest_route=%2Fwp%2Fv2%2Fproduct_cat&post=11565"},{"taxonomy":"product_tag","embeddable":true,"href":"https:\/\/ugurgelinbuketi.com\/index.php?rest_route=%2Fwp%2Fv2%2Fproduct_tag&post=11565"}],"curies":[{"name":"wp","href":"https:\/\/api.w.org\/{rel}","templated":true}]}}