{"id":11484,"date":"2025-08-28T20:15:07","date_gmt":"2025-08-28T17:15:07","guid":{"rendered":"https:\/\/ugurgelinbuketi.com\/?post_type=product&#038;p=11484"},"modified":"2025-10-05T02:24:52","modified_gmt":"2025-10-04T23:24:52","slug":"pembe-lale-gelin-buketi","status":"publish","type":"product","link":"https:\/\/ugurgelinbuketi.com\/?product=pembe-lale-gelin-buketi","title":{"rendered":"\u0130ncili Islak Pembe Lale Gelin Buketi"},"content":{"rendered":"<p class=\"p1\">Lale ve \u0130thal yaprak ile yap\u0131lan orta boy gelin \u00e7i\u00e7e\u011fi. Pembe<span class=\"Apple-converted-space\">\u00a0\u00a0<\/span>renkler temel olarak esas al\u0131nm\u0131\u015ft\u0131r.<\/p>\n<p class=\"p1\">Paket i\u00e7eri\u011fi 1 adet gelin \u00e7i\u00e7e\u011fidir ve damat yaka \u00e7i\u00e7e\u011fidir.<\/p>\n<p class=\"p1\">Damat yaka \u00e7i\u00e7e\u011fi dahil hediyemizdir.<\/p>\n<p class=\"p1\">Gelin Tac\u0131 ve nedime bilekli\u011fi iste\u011fe g\u00f6re haz\u0131rlanmaktad\u0131r.<\/p>\n<p class=\"p1\">\u00dcr\u00fcn\u00fcn dayan\u0131kl\u0131l\u0131k \u00f6mr\u00fc gerekli ko\u015fullar sa\u011flan\u0131rsa (nemden ve g\u00fcne\u015f \u0131\u015f\u0131\u011f\u0131ndan korunursa) 8-10 y\u0131l civar\u0131d\u0131r.<\/p>\n<p class=\"p1\">T\u00fcm \u00fcr\u00fcnlerimiz anla\u015fmal\u0131 kargo firmalar\u0131 arac\u0131l\u0131\u011f\u0131 ile adresinize muhafazal\u0131 ve hassas bir \u015fekilde kutulanarak g\u00f6nderilir.<\/p>\n<p class=\"p1\">2 i\u015f g\u00fcn\u00fc i\u00e7inde kargoya verilir.<\/p>\n","protected":false},"excerpt":{"rendered":"<p class=\"p1\">Lale ve \u0130thal yaprak ile yap\u0131lan orta boy gelin \u00e7i\u00e7e\u011fi. Pembe<span class=\"Apple-converted-space\">\u00a0\u00a0<\/span>renkler temel olarak esas al\u0131nm\u0131\u015ft\u0131r.<\/p>\n<p class=\"p1\">Paket i\u00e7eri\u011fi 1 adet gelin \u00e7i\u00e7e\u011fidir ve damat yaka \u00e7i\u00e7e\u011fidir.<\/p>\n<p class=\"p1\">Damat yaka \u00e7i\u00e7e\u011fi dahil hediyemizdir.<\/p>\n<p class=\"p1\">Gelin Tac\u0131 ve nedime bilekli\u011fi iste\u011fe g\u00f6re haz\u0131rlanmaktad\u0131r.<\/p>\n<p class=\"p1\">\u00dcr\u00fcn\u00fcn dayan\u0131kl\u0131l\u0131k \u00f6mr\u00fc gerekli ko\u015fullar sa\u011flan\u0131rsa (nemden ve g\u00fcne\u015f \u0131\u015f\u0131\u011f\u0131ndan korunursa) 8-10 y\u0131l civar\u0131d\u0131r.<\/p>\n<p class=\"p1\">T\u00fcm \u00fcr\u00fcnlerimiz anla\u015fmal\u0131 kargo firmalar\u0131 arac\u0131l\u0131\u011f\u0131 ile adresinize muhafazal\u0131 ve hassas bir \u015fekilde kutulanarak g\u00f6nderilir.<\/p>\n<p class=\"p1\">2 i\u015f g\u00fcn\u00fc i\u00e7inde kargoya verilir.<\/p>\n","protected":false},"featured_media":11485,"comment_status":"open","ping_status":"closed","template":"","meta":{"_joinchat":[]},"product_brand":[],"product_cat":[2350],"product_tag":[134,1783,2058,1823,424,1779,2052],"class_list":{"0":"post-11484","1":"product","2":"type-product","3":"status-publish","4":"has-post-thumbnail","6":"product_cat-renkli-buketler","7":"product_tag-gelin-buketi","8":"product_tag-pembe-beyaz-gelin-buketi","9":"product_tag-pembe-buket","10":"product_tag-pembe-damat-yaka-cicegi","11":"product_tag-pembe-gelin-buketi","12":"product_tag-pembe-gelin-cicegi","13":"product_tag-pembe-lale-gelin-cicegi","15":"first","16":"instock","17":"sale","18":"shipping-taxable","19":"purchasable","20":"product-type-simple"},"jetpack_sharing_enabled":true,"_links":{"self":[{"href":"https:\/\/ugurgelinbuketi.com\/index.php?rest_route=\/wp\/v2\/product\/11484","targetHints":{"allow":["GET"]}}],"collection":[{"href":"https:\/\/ugurgelinbuketi.com\/index.php?rest_route=\/wp\/v2\/product"}],"about":[{"href":"https:\/\/ugurgelinbuketi.com\/index.php?rest_route=\/wp\/v2\/types\/product"}],"replies":[{"embeddable":true,"href":"https:\/\/ugurgelinbuketi.com\/index.php?rest_route=%2Fwp%2Fv2%2Fcomments&post=11484"}],"wp:featuredmedia":[{"embeddable":true,"href":"https:\/\/ugurgelinbuketi.com\/index.php?rest_route=\/wp\/v2\/media\/11485"}],"wp:attachment":[{"href":"https:\/\/ugurgelinbuketi.com\/index.php?rest_route=%2Fwp%2Fv2%2Fmedia&parent=11484"}],"wp:term":[{"taxonomy":"product_brand","embeddable":true,"href":"https:\/\/ugurgelinbuketi.com\/index.php?rest_route=%2Fwp%2Fv2%2Fproduct_brand&post=11484"},{"taxonomy":"product_cat","embeddable":true,"href":"https:\/\/ugurgelinbuketi.com\/index.php?rest_route=%2Fwp%2Fv2%2Fproduct_cat&post=11484"},{"taxonomy":"product_tag","embeddable":true,"href":"https:\/\/ugurgelinbuketi.com\/index.php?rest_route=%2Fwp%2Fv2%2Fproduct_tag&post=11484"}],"curies":[{"name":"wp","href":"https:\/\/api.w.org\/{rel}","templated":true}]}}