{"id":11284,"date":"2024-09-09T01:01:34","date_gmt":"2024-09-08T22:01:34","guid":{"rendered":"https:\/\/ugurgelinbuketi.com\/buket\/asil-beyaz-orkide-gelin-buketi\/"},"modified":"2025-10-05T01:48:15","modified_gmt":"2025-10-04T22:48:15","slug":"asil-beyaz-orkide-gelin-buketi","status":"publish","type":"product","link":"https:\/\/ugurgelinbuketi.com\/?product=asil-beyaz-orkide-gelin-buketi","title":{"rendered":"Asil Beyaz Orkide Gelin Buketi"},"content":{"rendered":"<p>\u2022 Yapay Beyaz Orkide, Ortanca, Leydi Yapay \u00e7i\u00e7ekler ve Saz yapraklardan olu\u015fan standart boy gelin \u00e7i\u00e7e\u011fi. ; \u2022 Paket i\u00e7eri\u011fi: 1 adet Gelin \u00c7i\u00e7e\u011fi ve 1 adet Damat Yaka \u00c7i\u00e7e\u011fi. ; \u2022 \u0130ste\u011finiz do\u011frultusunda gelin tac\u0131, nedime bilekleri ve sa\u011fd\u0131\u00e7 \u00e7i\u00e7ekleri haz\u0131rlanmaktad\u0131r. ; \u2022 \u0130ste\u011finiz do\u011frultusunda Gelin Tac\u0131, Nedime Bilekli\u011fi ve Sa\u011fd\u0131\u00e7 Yaka \u00c7i\u00e7ekleri haz\u0131rlanmaktad\u0131r. ; \u2022 Tak\u0131m olarak almak i\u00e7in Gelin Tac\u0131n\u0131 ayr\u0131ca sepete ekleyiniz. ; \u2022 \u00dcr\u00fcn\u00fcn dayan\u0131kl\u0131l\u0131k \u00f6mr\u00fc gerekli ko\u015fullar sa\u011flan\u0131rsa (nemden ve g\u00fcne\u015f \u0131\u015f\u0131\u011f\u0131ndan korunursa) 8-10 y\u0131l civar\u0131d\u0131r. ; \u2022 T\u00fcm \u00fcr\u00fcnlerimiz anla\u015fmal\u0131 kargo firmalar\u0131 arac\u0131l\u0131\u011f\u0131 ile adresinize muhafazal\u0131 ve hassas bir \u015fekilde kutulanarak g\u00f6nderilir. ; \u2022 2 i\u015f g\u00fcn\u00fc i\u00e7inde kargoya verilir.;<\/p>\n","protected":false},"excerpt":{"rendered":"<p>\u2022 Yapay Beyaz Orkide, Ortanca, Leydi Yapay \u00e7i\u00e7ekler ve Saz yapraklardan olu\u015fan standart boy gelin \u00e7i\u00e7e\u011fi. ; \u2022 Paket i\u00e7eri\u011fi:<\/p>\n","protected":false},"featured_media":11283,"comment_status":"open","ping_status":"closed","template":"","meta":{"_joinchat":[]},"product_brand":[],"product_cat":[2349,128],"product_tag":[],"class_list":{"0":"post-11284","1":"product","2":"type-product","3":"status-publish","4":"has-post-thumbnail","6":"product_cat-beyaz-buketler","7":"product_cat-premium-buketler","9":"first","10":"instock","11":"sale","12":"shipping-taxable","13":"purchasable","14":"product-type-simple"},"jetpack_sharing_enabled":true,"_links":{"self":[{"href":"https:\/\/ugurgelinbuketi.com\/index.php?rest_route=\/wp\/v2\/product\/11284","targetHints":{"allow":["GET"]}}],"collection":[{"href":"https:\/\/ugurgelinbuketi.com\/index.php?rest_route=\/wp\/v2\/product"}],"about":[{"href":"https:\/\/ugurgelinbuketi.com\/index.php?rest_route=\/wp\/v2\/types\/product"}],"replies":[{"embeddable":true,"href":"https:\/\/ugurgelinbuketi.com\/index.php?rest_route=%2Fwp%2Fv2%2Fcomments&post=11284"}],"wp:featuredmedia":[{"embeddable":true,"href":"https:\/\/ugurgelinbuketi.com\/index.php?rest_route=\/wp\/v2\/media\/11283"}],"wp:attachment":[{"href":"https:\/\/ugurgelinbuketi.com\/index.php?rest_route=%2Fwp%2Fv2%2Fmedia&parent=11284"}],"wp:term":[{"taxonomy":"product_brand","embeddable":true,"href":"https:\/\/ugurgelinbuketi.com\/index.php?rest_route=%2Fwp%2Fv2%2Fproduct_brand&post=11284"},{"taxonomy":"product_cat","embeddable":true,"href":"https:\/\/ugurgelinbuketi.com\/index.php?rest_route=%2Fwp%2Fv2%2Fproduct_cat&post=11284"},{"taxonomy":"product_tag","embeddable":true,"href":"https:\/\/ugurgelinbuketi.com\/index.php?rest_route=%2Fwp%2Fv2%2Fproduct_tag&post=11284"}],"curies":[{"name":"wp","href":"https:\/\/api.w.org\/{rel}","templated":true}]}}