{"id":11248,"date":"2024-09-09T00:59:08","date_gmt":"2024-09-08T21:59:08","guid":{"rendered":"https:\/\/ugurgelinbuketi.com\/buket\/lilyum-zambak-asaleti-gelin-buketi\/"},"modified":"2025-09-12T09:17:46","modified_gmt":"2025-09-12T06:17:46","slug":"lilyum-zambak-asaleti-gelin-buketi","status":"publish","type":"product","link":"https:\/\/ugurgelinbuketi.com\/?product=lilyum-zambak-asaleti-gelin-buketi","title":{"rendered":"Lilyum Zambak Asaleti Gelin Buketi"},"content":{"rendered":"<p>\u2022 Lilyum, Zambak, G\u00fcl, Papatya ve ithal ye\u015fil ara Malzemelerden olu\u015fan standart boy gelin \u00e7i\u00e7e\u011fi. ; \u2022 Paket i\u00e7eri\u011fi: 1 adet Gelin \u00c7i\u00e7e\u011fi ve 1 adet Damat Yaka \u00c7i\u00e7e\u011fi. ; \u2022 \u0130ste\u011finiz do\u011frultusunda gelin tac\u0131, nedime bilekleri ve sa\u011fd\u0131\u00e7 \u00e7i\u00e7ekleri haz\u0131rlanmaktad\u0131r. ; \u2022 \u0130ste\u011finiz do\u011frultusunda Gelin Tac\u0131, Nedime Bilekli\u011fi ve Sa\u011fd\u0131\u00e7 Yaka \u00c7i\u00e7ekleri haz\u0131rlanmaktad\u0131r. ; \u2022 Tak\u0131m olarak almak i\u00e7in Gelin Tac\u0131n\u0131 ayr\u0131ca sepete ekleyiniz. ; \u2022 \u00dcr\u00fcn\u00fcn dayan\u0131kl\u0131l\u0131k \u00f6mr\u00fc gerekli ko\u015fullar sa\u011flan\u0131rsa (nemden ve g\u00fcne\u015f \u0131\u015f\u0131\u011f\u0131ndan korunursa) 8-10 y\u0131l civar\u0131d\u0131r. ; \u2022 T\u00fcm \u00fcr\u00fcnlerimiz anla\u015fmal\u0131 kargo firmalar\u0131 arac\u0131l\u0131\u011f\u0131 ile adresinize muhafazal\u0131 ve hassas bir \u015fekilde kutulanarak g\u00f6nderilir. ; \u2022 2 i\u015f g\u00fcn\u00fc i\u00e7inde kargoya verilir.;<\/p>\n","protected":false},"excerpt":{"rendered":"<p>\u2022 Lilyum, Zambak, G\u00fcl, Papatya ve ithal ye\u015fil ara Malzemelerden olu\u015fan standart boy gelin \u00e7i\u00e7e\u011fi. ; \u2022 Paket i\u00e7eri\u011fi: 1<\/p>\n","protected":false},"featured_media":11247,"comment_status":"open","ping_status":"closed","template":"","meta":{"_joinchat":[]},"product_brand":[],"product_cat":[128],"product_tag":[],"class_list":{"0":"post-11248","1":"product","2":"type-product","3":"status-publish","4":"has-post-thumbnail","6":"product_cat-premium-buketler","8":"first","9":"instock","10":"sale","11":"shipping-taxable","12":"purchasable","13":"product-type-simple"},"jetpack_sharing_enabled":true,"_links":{"self":[{"href":"https:\/\/ugurgelinbuketi.com\/index.php?rest_route=\/wp\/v2\/product\/11248","targetHints":{"allow":["GET"]}}],"collection":[{"href":"https:\/\/ugurgelinbuketi.com\/index.php?rest_route=\/wp\/v2\/product"}],"about":[{"href":"https:\/\/ugurgelinbuketi.com\/index.php?rest_route=\/wp\/v2\/types\/product"}],"replies":[{"embeddable":true,"href":"https:\/\/ugurgelinbuketi.com\/index.php?rest_route=%2Fwp%2Fv2%2Fcomments&post=11248"}],"wp:featuredmedia":[{"embeddable":true,"href":"https:\/\/ugurgelinbuketi.com\/index.php?rest_route=\/wp\/v2\/media\/11247"}],"wp:attachment":[{"href":"https:\/\/ugurgelinbuketi.com\/index.php?rest_route=%2Fwp%2Fv2%2Fmedia&parent=11248"}],"wp:term":[{"taxonomy":"product_brand","embeddable":true,"href":"https:\/\/ugurgelinbuketi.com\/index.php?rest_route=%2Fwp%2Fv2%2Fproduct_brand&post=11248"},{"taxonomy":"product_cat","embeddable":true,"href":"https:\/\/ugurgelinbuketi.com\/index.php?rest_route=%2Fwp%2Fv2%2Fproduct_cat&post=11248"},{"taxonomy":"product_tag","embeddable":true,"href":"https:\/\/ugurgelinbuketi.com\/index.php?rest_route=%2Fwp%2Fv2%2Fproduct_tag&post=11248"}],"curies":[{"name":"wp","href":"https:\/\/api.w.org\/{rel}","templated":true}]}}