{"id":10828,"date":"2024-03-15T04:54:42","date_gmt":"2024-03-15T01:54:42","guid":{"rendered":"https:\/\/ugurgelinbuketi.com\/?post_type=product&#038;p=10828"},"modified":"2025-10-14T17:07:23","modified_gmt":"2025-10-14T14:07:23","slug":"bembeyaz-mutluluk-gelin-buketi","status":"publish","type":"product","link":"https:\/\/ugurgelinbuketi.com\/?product=bembeyaz-mutluluk-gelin-buketi","title":{"rendered":"Bembeyaz Mutluluk Gelin Buketi"},"content":{"rendered":"<p>\u0130thal \u00e7i\u00e7ekler ve \u0130thal Egzotik yapraklar ile yap\u0131lan \u00f6zel tasar\u0131m k\u00fc\u00e7\u00fck boy gelin \u00e7i\u00e7e\u011fi. Bu model Damat Yaka \u00c7i\u00e7e\u011fi ile birlikte g\u00f6nderilmektedir.<\/p>\n<p>Paket i\u00e7eri\u011fi 1 adet gelin \u00e7i\u00e7e\u011fi ve 1 adet damat yaka \u00e7i\u00e7e\u011fi.<\/p>\n<p>Damat yaka \u00e7i\u00e7e\u011fi hediyemizdir.<\/p>\n<p>\u0130ste\u011finiz do\u011frultusunda Gelin Tac\u0131, Nedime Bilekli\u011fi ve Sa\u011fd\u0131\u00e7 Yaka \u00c7i\u00e7ekleri haz\u0131rlanmaktad\u0131r..<\/p>\n<p>Tak\u0131m olarak almak i\u00e7in Gelin Tac\u0131n\u0131\u00a0 ayr\u0131ca sepete ekleyiniz.<\/p>\n<p>\u00dcr\u00fcn\u00fcn dayan\u0131kl\u0131l\u0131k \u00f6mr\u00fc gerekli ko\u015fullar sa\u011flan\u0131rsa (nemden ve g\u00fcne\u015f \u0131\u015f\u0131\u011f\u0131ndan korunursa) 8-10 y\u0131l civar\u0131d\u0131r.<\/p>\n<p>T\u00fcm \u00fcr\u00fcnlerimiz anla\u015fmal\u0131 kargo firmalar\u0131 arac\u0131l\u0131\u011f\u0131 ile adresinize muhafazal\u0131 ve hassas bir \u015fekilde kutulanarak g\u00f6nderilir.<\/p>\n<p>2 i\u015f g\u00fcn\u00fc i\u00e7inde kargoya verilir.<\/p>\n","protected":false},"excerpt":{"rendered":"<p>\u0130thal \u00e7i\u00e7ekler ve \u0130thal Egzotik yapraklar ile yap\u0131lan \u00f6zel tasar\u0131m k\u00fc\u00e7\u00fck boy gelin \u00e7i\u00e7e\u011fi. Bu model Damat Yaka \u00c7i\u00e7e\u011fi ile<\/p>\n","protected":false},"featured_media":10884,"comment_status":"open","ping_status":"closed","template":"","meta":{"_joinchat":[]},"product_brand":[],"product_cat":[126,2349],"product_tag":[],"class_list":{"0":"post-10828","1":"product","2":"type-product","3":"status-publish","4":"has-post-thumbnail","6":"product_cat-avantajli-buket","7":"product_cat-beyaz-buketler","9":"first","10":"instock","11":"sale","12":"shipping-taxable","13":"purchasable","14":"product-type-simple"},"jetpack_sharing_enabled":true,"_links":{"self":[{"href":"https:\/\/ugurgelinbuketi.com\/index.php?rest_route=\/wp\/v2\/product\/10828","targetHints":{"allow":["GET"]}}],"collection":[{"href":"https:\/\/ugurgelinbuketi.com\/index.php?rest_route=\/wp\/v2\/product"}],"about":[{"href":"https:\/\/ugurgelinbuketi.com\/index.php?rest_route=\/wp\/v2\/types\/product"}],"replies":[{"embeddable":true,"href":"https:\/\/ugurgelinbuketi.com\/index.php?rest_route=%2Fwp%2Fv2%2Fcomments&post=10828"}],"wp:featuredmedia":[{"embeddable":true,"href":"https:\/\/ugurgelinbuketi.com\/index.php?rest_route=\/wp\/v2\/media\/10884"}],"wp:attachment":[{"href":"https:\/\/ugurgelinbuketi.com\/index.php?rest_route=%2Fwp%2Fv2%2Fmedia&parent=10828"}],"wp:term":[{"taxonomy":"product_brand","embeddable":true,"href":"https:\/\/ugurgelinbuketi.com\/index.php?rest_route=%2Fwp%2Fv2%2Fproduct_brand&post=10828"},{"taxonomy":"product_cat","embeddable":true,"href":"https:\/\/ugurgelinbuketi.com\/index.php?rest_route=%2Fwp%2Fv2%2Fproduct_cat&post=10828"},{"taxonomy":"product_tag","embeddable":true,"href":"https:\/\/ugurgelinbuketi.com\/index.php?rest_route=%2Fwp%2Fv2%2Fproduct_tag&post=10828"}],"curies":[{"name":"wp","href":"https:\/\/api.w.org\/{rel}","templated":true}]}}