{"id":10364,"date":"2024-03-22T13:51:58","date_gmt":"2024-03-22T10:51:58","guid":{"rendered":"https:\/\/ugurgelinbuketi.com\/?post_type=product&#038;p=10364"},"modified":"2025-10-14T16:46:44","modified_gmt":"2025-10-14T13:46:44","slug":"ay-isigi-gelin-buketi","status":"publish","type":"product","link":"https:\/\/ugurgelinbuketi.com\/?product=ay-isigi-gelin-buketi","title":{"rendered":"Ay I\u015f\u0131\u011f\u0131 Gelin Buketi"},"content":{"rendered":"<p>Ay I\u015f\u0131\u011f\u0131 Gelin Buketi: Gecenin gizemini ay \u0131\u015f\u0131\u011f\u0131n\u0131n zarafetiyle birle\u015ftiren ortancalar, beyaz ranunculuslar ve g\u00fcm\u00fc\u015fi ye\u015fillikler ile tasarlanm\u0131\u015f hipnotize eden bir gelin buketi.<\/p>\n<p>Paket i\u00e7eri\u011fi 1 adet Gelin \u00c7i\u00e7e\u011fi.<\/p>\n<p>Tak\u0131m olarak almak i\u00e7in damat yaka \u00e7i\u00e7e\u011fi, gelin tac\u0131, nedime bilekleri ve sa\u011fd\u0131\u00e7 \u00e7i\u00e7eklerini ayr\u0131ca sepete ekleyebilirsiniz<\/p>\n<p>\u0130ste\u011finiz do\u011frultusunda Gelin Tac\u0131, Nedime Bilekli\u011fi, Damat Cep \u00c7i\u00e7e\u011fi ve Sa\u011fd\u0131\u00e7 Yaka \u00c7i\u00e7ekleri haz\u0131rlanmaktad\u0131r.<\/p>\n<p>\u00dcr\u00fcn\u00fcn dayan\u0131kl\u0131l\u0131k \u00f6mr\u00fc gerekli ko\u015fullar sa\u011flan\u0131rsa (nemden ve g\u00fcne\u015f \u0131\u015f\u0131\u011f\u0131ndan korunursa) 8-10 y\u0131l civar\u0131d\u0131r.<\/p>\n<p>T\u00fcm \u00fcr\u00fcnlerimiz anla\u015fmal\u0131 kargo firmalar\u0131 arac\u0131l\u0131\u011f\u0131 ile adresinize muhafazal\u0131 ve hassas bir \u015fekilde kutulanarak g\u00f6nderilir.<\/p>\n","protected":false},"excerpt":{"rendered":"<p>Ay I\u015f\u0131\u011f\u0131 Gelin Buketi: Gecenin gizemini ay \u0131\u015f\u0131\u011f\u0131n\u0131n zarafetiyle birle\u015ftiren ortancalar, beyaz ranunculuslar ve g\u00fcm\u00fc\u015fi ye\u015fillikler ile tasarlanm\u0131\u015f hipnotize eden<\/p>\n","protected":false},"featured_media":9873,"comment_status":"open","ping_status":"closed","template":"","meta":{"_joinchat":[]},"product_brand":[],"product_cat":[126],"product_tag":[],"class_list":{"0":"post-10364","1":"product","2":"type-product","3":"status-publish","4":"has-post-thumbnail","6":"product_cat-avantajli-buket","8":"first","9":"instock","10":"sale","11":"shipping-taxable","12":"purchasable","13":"product-type-simple"},"jetpack_sharing_enabled":true,"_links":{"self":[{"href":"https:\/\/ugurgelinbuketi.com\/index.php?rest_route=\/wp\/v2\/product\/10364","targetHints":{"allow":["GET"]}}],"collection":[{"href":"https:\/\/ugurgelinbuketi.com\/index.php?rest_route=\/wp\/v2\/product"}],"about":[{"href":"https:\/\/ugurgelinbuketi.com\/index.php?rest_route=\/wp\/v2\/types\/product"}],"replies":[{"embeddable":true,"href":"https:\/\/ugurgelinbuketi.com\/index.php?rest_route=%2Fwp%2Fv2%2Fcomments&post=10364"}],"wp:featuredmedia":[{"embeddable":true,"href":"https:\/\/ugurgelinbuketi.com\/index.php?rest_route=\/wp\/v2\/media\/9873"}],"wp:attachment":[{"href":"https:\/\/ugurgelinbuketi.com\/index.php?rest_route=%2Fwp%2Fv2%2Fmedia&parent=10364"}],"wp:term":[{"taxonomy":"product_brand","embeddable":true,"href":"https:\/\/ugurgelinbuketi.com\/index.php?rest_route=%2Fwp%2Fv2%2Fproduct_brand&post=10364"},{"taxonomy":"product_cat","embeddable":true,"href":"https:\/\/ugurgelinbuketi.com\/index.php?rest_route=%2Fwp%2Fv2%2Fproduct_cat&post=10364"},{"taxonomy":"product_tag","embeddable":true,"href":"https:\/\/ugurgelinbuketi.com\/index.php?rest_route=%2Fwp%2Fv2%2Fproduct_tag&post=10364"}],"curies":[{"name":"wp","href":"https:\/\/api.w.org\/{rel}","templated":true}]}}